{"id":348007,"date":"2016-02-10T16:57:01","date_gmt":"2016-02-10T16:57:01","guid":{"rendered":"https:\/\/podiatryvictoria.com\/?page_id=348007&#038;lang=fr"},"modified":"2016-06-15T16:58:53","modified_gmt":"2016-06-15T16:58:53","slug":"podiatriechezlenfant","status":"publish","type":"page","link":"https:\/\/podiatryvictoria.com\/fr\/podiatriechezlenfant\/","title":{"rendered":"Podiatrie chez l&rsquo;enfant"},"content":{"rendered":"<p>[vc_row row_type=\u00a0\u00bbrow\u00a0\u00bb use_row_as_full_screen_section=\u00a0\u00bbno\u00a0\u00bb type=\u00a0\u00bbgrid\u00a0\u00bb text_align=\u00a0\u00bbleft\u00a0\u00bb box_shadow_on_row=\u00a0\u00bbno\u00a0\u00bb][vc_column][no_elements_holder number_of_columns=\u00a0\u00bbone_column\u00a0\u00bb][no_elements_holder_item item_padding=\u00a0\u00bb11% 0 3% 0&Prime; aligment=\u00a0\u00bbcenter\u00a0\u00bb enable_hover_effect=\u00a0\u00bbno\u00a0\u00bb advanced_animations=\u00a0\u00bbno\u00a0\u00bb item_padding_1300_1600=\u00a0\u00bb9% 0 3% 0&Prime; item_padding_1000_1300=\u00a0\u00bb15% 0 0% 0&Prime; item_padding_768_1000=\u00a0\u00bb20% 0 10%\u00a0\u00bb][vc_separator type=\u00a0\u00bbtransparent\u00a0\u00bb up=\u00a0\u00bb27&Prime; up_style=\u00a0\u00bbpx\u00a0\u00bb down=\u00a0\u00bb0&Prime; down_style=\u00a0\u00bbpx\u00a0\u00bb][vc_column_text]<\/p>\n<h2>D\u00e8s l&rsquo;\u00e2ge de deux\u00a0mois<\/h2>\n<p>[\/vc_column_text][vc_separator type=\u00a0\u00bbtransparent\u00a0\u00bb up=\u00a0\u00bb27&Prime; up_style=\u00a0\u00bbpx\u00a0\u00bb down=\u00a0\u00bb0&Prime; down_style=\u00a0\u00bbpx\u00a0\u00bb][vc_column_text]Il est important de consulter un professionnel lorsque vous soup\u00e7onnez un probl\u00e8me au niveau des pieds de votre enfant. Les probl\u00e8mes courants incluent la douleur lors de la marche ou la course ainsi que :[\/vc_column_text][vc_separator type=\u00a0\u00bbtransparent\u00a0\u00bb up=\u00a0\u00bb32&Prime; up_style=\u00a0\u00bbpx\u00a0\u00bb down=\u00a0\u00bb0&Prime; down_style=\u00a0\u00bbpx\u00a0\u00bb][\/no_elements_holder_item][\/no_elements_holder][vc_row_inner row_type=\u00a0\u00bbrow\u00a0\u00bb type=\u00a0\u00bbfull_width\u00a0\u00bb use_row_as_full_screen_section_slide=\u00a0\u00bbno\u00a0\u00bb text_align=\u00a0\u00bbcenter\u00a0\u00bb padding_top=\u00a0\u00bb28&Prime; box_shadow_on_row=\u00a0\u00bbno\u00a0\u00bb][vc_column_inner width=\u00a0\u00bb1\/4&Prime;][no_icons icon_pack=\u00a0\u00bbsimple_line_icons\u00a0\u00bb simple_line_icons=\u00a0\u00bbicon-energy\u00a0\u00bb fa_size=\u00a0\u00bbfa-lg\u00a0\u00bb custom_size=\u00a0\u00bb55&Prime; type=\u00a0\u00bbnormal\u00a0\u00bb icon_animation=\u00a0\u00bbeltd_icon_animation\u00a0\u00bb icon_hover_effect=\u00a0\u00bbroll_over\u00a0\u00bb link=\u00a0\u00bbhttps:\/\/podiatryvictoria.com\/\/ortheses\/?lang=fr\u00a0\u00bb target=\u00a0\u00bb_self\u00a0\u00bb icon_color=\u00a0\u00bb#000000&Prime; hover_icon_color=\u00a0\u00bb#e5735c\u00a0\u00bb][vc_separator type=\u00a0\u00bbtransparent\u00a0\u00bb up=\u00a0\u00bb23&Prime; up_style=\u00a0\u00bbpx\u00a0\u00bb down=\u00a0\u00bb0&Prime; down_style=\u00a0\u00bbpx\u00a0\u00bb][vc_column_text]<\/p>\n<h5><span style=\"color: #000000;\">D\u00e9formation des pieds<\/span><\/h5>\n<p>[\/vc_column_text][vc_separator type=\u00a0\u00bbtransparent\u00a0\u00bb up=\u00a0\u00bb57&Prime; up_style=\u00a0\u00bbpx\u00a0\u00bb down=\u00a0\u00bb0&Prime; down_style=\u00a0\u00bbpx\u00a0\u00bb][\/vc_column_inner][vc_column_inner width=\u00a0\u00bb1\/4&Prime;][no_icons icon_pack=\u00a0\u00bbsimple_line_icons\u00a0\u00bb simple_line_icons=\u00a0\u00bbicon-settings\u00a0\u00bb fa_size=\u00a0\u00bbfa-lg\u00a0\u00bb custom_size=\u00a0\u00bb55&Prime; type=\u00a0\u00bbnormal\u00a0\u00bb icon_animation=\u00a0\u00bbeltd_icon_animation\u00a0\u00bb icon_hover_effect=\u00a0\u00bbroll_over\u00a0\u00bb link=\u00a0\u00bbhttps:\/\/podiatryvictoria.com\/\/ortheses\/?lang=fr\u00a0\u00bb target=\u00a0\u00bb_self\u00a0\u00bb icon_color=\u00a0\u00bb#000000&Prime; hover_icon_color=\u00a0\u00bb#e5735c\u00a0\u00bb][vc_separator type=\u00a0\u00bbtransparent\u00a0\u00bb up=\u00a0\u00bb23&Prime; up_style=\u00a0\u00bbpx\u00a0\u00bb down=\u00a0\u00bb0&Prime; down_style=\u00a0\u00bbpx\u00a0\u00bb][vc_column_text]<\/p>\n<h5><span style=\"color: #000000;\">Probl\u00e8mes de d\u00e9marche<\/span><\/h5>\n<p>[\/vc_column_text][vc_separator type=\u00a0\u00bbtransparent\u00a0\u00bb up=\u00a0\u00bb57&Prime; up_style=\u00a0\u00bbpx\u00a0\u00bb down=\u00a0\u00bb0&Prime; down_style=\u00a0\u00bbpx\u00a0\u00bb][\/vc_column_inner][vc_column_inner width=\u00a0\u00bb1\/4&Prime;][no_icons icon_pack=\u00a0\u00bbsimple_line_icons\u00a0\u00bb simple_line_icons=\u00a0\u00bbicon-ghost\u00a0\u00bb fa_size=\u00a0\u00bbfa-lg\u00a0\u00bb custom_size=\u00a0\u00bb55&Prime; type=\u00a0\u00bbnormal\u00a0\u00bb icon_animation=\u00a0\u00bbeltd_icon_animation\u00a0\u00bb icon_hover_effect=\u00a0\u00bbroll_over\u00a0\u00bb link=\u00a0\u00bbhttps:\/\/podiatryvictoria.com\/\/verrues-plantaires\/?lang=fr\u00a0\u00bb target=\u00a0\u00bb_self\u00a0\u00bb icon_color=\u00a0\u00bb#000000&Prime; hover_icon_color=\u00a0\u00bb#e5735c\u00a0\u00bb][vc_separator type=\u00a0\u00bbtransparent\u00a0\u00bb up=\u00a0\u00bb23&Prime; up_style=\u00a0\u00bbpx\u00a0\u00bb down=\u00a0\u00bb0&Prime; down_style=\u00a0\u00bbpx\u00a0\u00bb][vc_column_text]<\/p>\n<h5><span style=\"color: #000000;\">Verrues plantaires<\/span><\/h5>\n<p>[\/vc_column_text][vc_separator type=\u00a0\u00bbtransparent\u00a0\u00bb up=\u00a0\u00bb57&Prime; up_style=\u00a0\u00bbpx\u00a0\u00bb down=\u00a0\u00bb0&Prime; down_style=\u00a0\u00bbpx\u00a0\u00bb][\/vc_column_inner][vc_column_inner width=\u00a0\u00bb1\/4&Prime;][no_icons icon_pack=\u00a0\u00bbsimple_line_icons\u00a0\u00bb simple_line_icons=\u00a0\u00bbicon-trash\u00a0\u00bb fa_size=\u00a0\u00bbfa-lg\u00a0\u00bb custom_size=\u00a0\u00bb55&Prime; type=\u00a0\u00bbnormal\u00a0\u00bb icon_animation=\u00a0\u00bbeltd_icon_animation\u00a0\u00bb icon_hover_effect=\u00a0\u00bbroll_over\u00a0\u00bb link=\u00a0\u00bbhttps:\/\/podiatryvictoria.com\/\/ongles-incarnes\/?lang=fr\u00a0\u00bb target=\u00a0\u00bb_self\u00a0\u00bb icon_color=\u00a0\u00bb#000000&Prime; hover_icon_color=\u00a0\u00bb#e5735c\u00a0\u00bb][vc_separator type=\u00a0\u00bbtransparent\u00a0\u00bb up=\u00a0\u00bb23&Prime; up_style=\u00a0\u00bbpx\u00a0\u00bb down=\u00a0\u00bb0&Prime; down_style=\u00a0\u00bbpx\u00a0\u00bb][vc_column_text]<\/p>\n<h5><span style=\"color: #000000;\">Ongles incarn\u00e9s<\/span><\/h5>\n<p>[\/vc_column_text][vc_separator type=\u00a0\u00bbtransparent\u00a0\u00bb up=\u00a0\u00bb57&Prime; up_style=\u00a0\u00bbpx\u00a0\u00bb down=\u00a0\u00bb0&Prime; down_style=\u00a0\u00bbpx\u00a0\u00bb][\/vc_column_inner][\/vc_row_inner][\/vc_column][\/vc_row][vc_row row_type=\u00a0\u00bbrow\u00a0\u00bb use_row_as_full_screen_section=\u00a0\u00bbno\u00a0\u00bb type=\u00a0\u00bbfull_width\u00a0\u00bb text_align=\u00a0\u00bbleft\u00a0\u00bb box_shadow_on_row=\u00a0\u00bbno\u00a0\u00bb][vc_column css=\u00a0\u00bb.vc_custom_1457713431588{margin-top: 0px !important;margin-bottom: 40px !important;}\u00a0\u00bb][no_elements_holder number_of_columns=\u00a0\u00bbone_column\u00a0\u00bb][no_elements_holder_item item_padding=\u00a0\u00bb7% 0 1% 0&Prime; aligment=\u00a0\u00bbcenter\u00a0\u00bb enable_hover_effect=\u00a0\u00bbno\u00a0\u00bb advanced_animations=\u00a0\u00bbno\u00a0\u00bb item_padding_1300_1600=\u00a0\u00bb0 0 0 0&Prime; item_padding_1000_1300=\u00a0\u00bb5% 0 7% 0&Prime; item_padding_768_1000=\u00a0\u00bb15% 0 25% 0&Prime; item_padding_600_768=\u00a0\u00bb5% 0 19% 0&Prime; item_padding_480_600=\u00a0\u00bb5% 0 5% 0&Prime; item_padding_480=\u00a0\u00bb5% 0 5% 0&Prime;][no_button style=\u00a0\u00bbtransparent\u00a0\u00bb button_hover_animation=\u00a0\u00bbrotate_icon\u00a0\u00bb icon_pack=\u00a0\u00bbfont_elegant\u00a0\u00bb fe_icon=\u00a0\u00bbarrow_carrot-2right\u00a0\u00bb target=\u00a0\u00bb_self\u00a0\u00bb icon_position=\u00a0\u00bbright\u00a0\u00bb text=\u00a0\u00bbContactez-nous\u00a0\u00bb icon_color=\u00a0\u00bb#000000&Prime; color=\u00a0\u00bb#000000&Prime; hover_color=\u00a0\u00bb#b224e5&Prime;][\/no_elements_holder_item][\/no_elements_holder][\/vc_column][\/vc_row][vc_row row_type=\u00a0\u00bbrow\u00a0\u00bb use_row_as_full_screen_section=\u00a0\u00bbno\u00a0\u00bb type=\u00a0\u00bbfull_width\u00a0\u00bb text_align=\u00a0\u00bbleft\u00a0\u00bb box_shadow_on_row=\u00a0\u00bbno\u00a0\u00bb][vc_column][\/vc_column][\/vc_row]<\/p>\n","protected":false},"excerpt":{"rendered":"<p>[vc_row row_type=\u00a0\u00bbrow\u00a0\u00bb use_row_as_full_screen_section=\u00a0\u00bbno\u00a0\u00bb type=\u00a0\u00bbgrid\u00a0\u00bb text_align=\u00a0\u00bbleft\u00a0\u00bb box_shadow_on_row=\u00a0\u00bbno\u00a0\u00bb][vc_column][no_elements_holder number_of_columns=\u00a0\u00bbone_column\u00a0\u00bb][no_elements_holder_item item_padding=\u00a0\u00bb11% 0 3% 0&Prime; aligment=\u00a0\u00bbcenter\u00a0\u00bb enable_hover_effect=\u00a0\u00bbno\u00a0\u00bb advanced_animations=\u00a0\u00bbno\u00a0\u00bb item_padding_1300_1600=\u00a0\u00bb9% 0 3% 0&Prime; item_padding_1000_1300=\u00a0\u00bb15% 0 0% 0&Prime; item_padding_768_1000=\u00a0\u00bb20% 0 10%\u00a0\u00bb][vc_separator type=\u00a0\u00bbtransparent\u00a0\u00bb up=\u00a0\u00bb27&Prime; up_style=\u00a0\u00bbpx\u00a0\u00bb down=\u00a0\u00bb0&Prime; down_style=\u00a0\u00bbpx\u00a0\u00bb][vc_column_text] D\u00e8s l&rsquo;\u00e2ge de deux\u00a0mois [\/vc_column_text][vc_separator type=\u00a0\u00bbtransparent\u00a0\u00bb up=\u00a0\u00bb27&Prime; up_style=\u00a0\u00bbpx\u00a0\u00bb down=\u00a0\u00bb0&Prime; down_style=\u00a0\u00bbpx\u00a0\u00bb][vc_column_text]Il est important de consulter un&#8230;<\/p>\n","protected":false},"author":1,"featured_media":0,"parent":0,"menu_order":0,"comment_status":"open","ping_status":"open","template":"full_width.php","meta":{"footnotes":""},"class_list":["post-348007","page","type-page","status-publish","hentry"],"_links":{"self":[{"href":"https:\/\/podiatryvictoria.com\/fr\/wp-json\/wp\/v2\/pages\/348007","targetHints":{"allow":["GET"]}}],"collection":[{"href":"https:\/\/podiatryvictoria.com\/fr\/wp-json\/wp\/v2\/pages"}],"about":[{"href":"https:\/\/podiatryvictoria.com\/fr\/wp-json\/wp\/v2\/types\/page"}],"author":[{"embeddable":true,"href":"https:\/\/podiatryvictoria.com\/fr\/wp-json\/wp\/v2\/users\/1"}],"replies":[{"embeddable":true,"href":"https:\/\/podiatryvictoria.com\/fr\/wp-json\/wp\/v2\/comments?post=348007"}],"version-history":[{"count":17,"href":"https:\/\/podiatryvictoria.com\/fr\/wp-json\/wp\/v2\/pages\/348007\/revisions"}],"predecessor-version":[{"id":348239,"href":"https:\/\/podiatryvictoria.com\/fr\/wp-json\/wp\/v2\/pages\/348007\/revisions\/348239"}],"wp:attachment":[{"href":"https:\/\/podiatryvictoria.com\/fr\/wp-json\/wp\/v2\/media?parent=348007"}],"curies":[{"name":"wp","href":"https:\/\/api.w.org\/{rel}","templated":true}]}}