{"id":348010,"date":"2016-02-10T17:09:43","date_gmt":"2016-02-10T17:09:43","guid":{"rendered":"https:\/\/podiatryvictoria.com\/?page_id=348010&#038;lang=fr"},"modified":"2016-06-10T16:52:22","modified_gmt":"2016-06-10T16:52:22","slug":"pieds-diabetiques","status":"publish","type":"page","link":"https:\/\/podiatryvictoria.com\/fr\/pieds-diabetiques\/","title":{"rendered":"Pieds diab\u00e9tiques"},"content":{"rendered":"<p>[vc_row row_type=\u00a0\u00bbrow\u00a0\u00bb use_row_as_full_screen_section=\u00a0\u00bbno\u00a0\u00bb type=\u00a0\u00bbgrid\u00a0\u00bb text_align=\u00a0\u00bbcenter\u00a0\u00bb background_color=\u00a0\u00bb#ffffff\u00a0\u00bb padding_top=\u00a0\u00bb73&Prime; padding_bottom=\u00a0\u00bb80&Prime; box_shadow_on_row=\u00a0\u00bbno\u00a0\u00bb][vc_column][vc_text_separator title=\u00a0\u00bbService\u00a0\u00bb text_in_box=\u00a0\u00bbno\u00a0\u00bb text_position=\u00a0\u00bbcenter\u00a0\u00bb box_padding=\u00a0\u00bb16&Prime; line_color=\u00a0\u00bb#dadada\u00a0\u00bb line_width=\u00a0\u00bb43&Prime; animation=\u00a0\u00bbanimate_width\u00a0\u00bb line_thickness=\u00a0\u00bb2&Prime; line_border_style=\u00a0\u00bbsolid\u00a0\u00bb line_dots=\u00a0\u00bbno\u00a0\u00bb][vc_separator type=\u00a0\u00bbtransparent\u00a0\u00bb up=\u00a0\u00bb13&Prime; up_style=\u00a0\u00bbpx\u00a0\u00bb down=\u00a0\u00bb0&Prime; down_style=\u00a0\u00bbpx\u00a0\u00bb][vc_column_text]<\/p>\n<h2 style=\"text-align: center;\">Pieds diab\u00e9tiques<\/h2>\n<p>[\/vc_column_text][vc_separator type=\u00a0\u00bbtransparent\u00a0\u00bb up=\u00a0\u00bb19&Prime; up_style=\u00a0\u00bbpx\u00a0\u00bb down=\u00a0\u00bb0&Prime; down_style=\u00a0\u00bbpx\u00a0\u00bb][vc_column_text]<\/p>\n<h4>Les personnes atteintes de diab\u00e8te doivent faire particuli\u00e8rement attention \u00e0 leurs pieds. Un patient peut ne pas avoir conscience des blessures qu\u2019il a\u00a0aux pieds car ces derniers peuvent souffrir de perte de sensibilit\u00e9 (neuropathie). Selon l\u2019\u00e9tat du patient, un examen r\u00e9gulier aux 3 \u00e0 12 mois chez le podiatre est recommand\u00e9. Son intervention permettra de pr\u00e9venir les futurs probl\u00e8mes !<\/h4>\n<p>[\/vc_column_text][vc_separator type=\u00a0\u00bbtransparent\u00a0\u00bb up=\u00a0\u00bb56&Prime; up_style=\u00a0\u00bbpx\u00a0\u00bb down=\u00a0\u00bb0&Prime; down_style=\u00a0\u00bbpx\u00a0\u00bb][vc_column_text]<\/p>\n<h4>Afin d\u2019\u00e9viter la contamination par des champignons, des verrues plantaires ou d\u2019autres infections transmissibles, tous les soins de pieds sont effectu\u00e9s avec des instruments st\u00e9riles. Une simple ampoule non trait\u00e9e peut engendrer d&rsquo;\u00e9normes complications pouvant aller de l&rsquo;infection \u00e0 l&rsquo;amputation.<\/h4>\n<p>[\/vc_column_text][vc_separator type=\u00a0\u00bbtransparent\u00a0\u00bb up=\u00a0\u00bb56&Prime; up_style=\u00a0\u00bbpx\u00a0\u00bb down=\u00a0\u00bb0&Prime; down_style=\u00a0\u00bbpx\u00a0\u00bb][no_button style=\u00a0\u00bbtransparent\u00a0\u00bb button_hover_animation=\u00a0\u00bbfill_text_rotate_icon\u00a0\u00bb icon_pack=\u00a0\u00bbfont_elegant\u00a0\u00bb fe_icon=\u00a0\u00bbicon_mail_alt\u00a0\u00bb target=\u00a0\u00bb_self\u00a0\u00bb icon_position=\u00a0\u00bbright\u00a0\u00bb text=\u00a0\u00bbContactez-nous\u00a0\u00bb link=\u00a0\u00bbhttps:\/\/podiatryvictoria.com\/\/contactez-nous\/?lang=fr\u00a0\u00bb][\/vc_column][\/vc_row]<\/p>\n","protected":false},"excerpt":{"rendered":"<p>[vc_row row_type=\u00a0\u00bbrow\u00a0\u00bb use_row_as_full_screen_section=\u00a0\u00bbno\u00a0\u00bb type=\u00a0\u00bbgrid\u00a0\u00bb text_align=\u00a0\u00bbcenter\u00a0\u00bb background_color=\u00a0\u00bb#ffffff\u00a0\u00bb padding_top=\u00a0\u00bb73&Prime; padding_bottom=\u00a0\u00bb80&Prime; box_shadow_on_row=\u00a0\u00bbno\u00a0\u00bb][vc_column][vc_text_separator title=\u00a0\u00bbService\u00a0\u00bb text_in_box=\u00a0\u00bbno\u00a0\u00bb text_position=\u00a0\u00bbcenter\u00a0\u00bb box_padding=\u00a0\u00bb16&Prime; line_color=\u00a0\u00bb#dadada\u00a0\u00bb line_width=\u00a0\u00bb43&Prime; animation=\u00a0\u00bbanimate_width\u00a0\u00bb line_thickness=\u00a0\u00bb2&Prime; line_border_style=\u00a0\u00bbsolid\u00a0\u00bb line_dots=\u00a0\u00bbno\u00a0\u00bb][vc_separator type=\u00a0\u00bbtransparent\u00a0\u00bb up=\u00a0\u00bb13&Prime; up_style=\u00a0\u00bbpx\u00a0\u00bb down=\u00a0\u00bb0&Prime; down_style=\u00a0\u00bbpx\u00a0\u00bb][vc_column_text] Pieds diab\u00e9tiques [\/vc_column_text][vc_separator type=\u00a0\u00bbtransparent\u00a0\u00bb up=\u00a0\u00bb19&Prime; up_style=\u00a0\u00bbpx\u00a0\u00bb down=\u00a0\u00bb0&Prime; down_style=\u00a0\u00bbpx\u00a0\u00bb][vc_column_text] Les personnes atteintes de diab\u00e8te doivent faire particuli\u00e8rement attention \u00e0 leurs pieds. Un&#8230;<\/p>\n","protected":false},"author":1,"featured_media":0,"parent":0,"menu_order":0,"comment_status":"open","ping_status":"closed","template":"full_width.php","meta":{"footnotes":""},"class_list":["post-348010","page","type-page","status-publish","hentry"],"_links":{"self":[{"href":"https:\/\/podiatryvictoria.com\/fr\/wp-json\/wp\/v2\/pages\/348010","targetHints":{"allow":["GET"]}}],"collection":[{"href":"https:\/\/podiatryvictoria.com\/fr\/wp-json\/wp\/v2\/pages"}],"about":[{"href":"https:\/\/podiatryvictoria.com\/fr\/wp-json\/wp\/v2\/types\/page"}],"author":[{"embeddable":true,"href":"https:\/\/podiatryvictoria.com\/fr\/wp-json\/wp\/v2\/users\/1"}],"replies":[{"embeddable":true,"href":"https:\/\/podiatryvictoria.com\/fr\/wp-json\/wp\/v2\/comments?post=348010"}],"version-history":[{"count":4,"href":"https:\/\/podiatryvictoria.com\/fr\/wp-json\/wp\/v2\/pages\/348010\/revisions"}],"predecessor-version":[{"id":348234,"href":"https:\/\/podiatryvictoria.com\/fr\/wp-json\/wp\/v2\/pages\/348010\/revisions\/348234"}],"wp:attachment":[{"href":"https:\/\/podiatryvictoria.com\/fr\/wp-json\/wp\/v2\/media?parent=348010"}],"curies":[{"name":"wp","href":"https:\/\/api.w.org\/{rel}","templated":true}]}}