{"id":348013,"date":"2016-02-10T17:23:59","date_gmt":"2016-02-10T17:23:59","guid":{"rendered":"https:\/\/podiatryvictoria.com\/?page_id=348013&#038;lang=fr"},"modified":"2016-06-09T18:15:15","modified_gmt":"2016-06-09T18:15:15","slug":"ongles-incarnes","status":"publish","type":"page","link":"https:\/\/podiatryvictoria.com\/fr\/ongles-incarnes\/","title":{"rendered":"Ongles incarn\u00e9s"},"content":{"rendered":"<p>[vc_row row_type=\u00a0\u00bbrow\u00a0\u00bb use_row_as_full_screen_section=\u00a0\u00bbno\u00a0\u00bb type=\u00a0\u00bbgrid\u00a0\u00bb text_align=\u00a0\u00bbleft\u00a0\u00bb padding_top=\u00a0\u00bb80&Prime; padding_bottom=\u00a0\u00bb50&Prime; box_shadow_on_row=\u00a0\u00bbno\u00a0\u00bb][vc_column offset=\u00a0\u00bbvc_col-lg-6 vc_col-md-6 vc_col-xs-12&Prime;][vc_single_image image=\u00a0\u00bb348112&Prime; img_size=\u00a0\u00bbfull\u00a0\u00bb][vc_separator type=\u00a0\u00bbtransparent\u00a0\u00bb up=\u00a0\u00bb30&Prime; up_style=\u00a0\u00bbpx\u00a0\u00bb down=\u00a0\u00bb0&Prime; down_style=\u00a0\u00bbpx\u00a0\u00bb][\/vc_column][vc_column offset=\u00a0\u00bbvc_col-lg-6 vc_col-md-6 vc_col-xs-12&Prime;][vc_column_text]<\/p>\n<h2>Ongles incarn\u00e9s<\/h2>\n<p>[\/vc_column_text][vc_separator type=\u00a0\u00bbtransparent\u00a0\u00bb up=\u00a0\u00bb35&Prime; up_style=\u00a0\u00bbpx\u00a0\u00bb down=\u00a0\u00bb0&Prime; down_style=\u00a0\u00bbpx\u00a0\u00bb][vc_column_text]Les ongles incarn\u00e9s sont des ongles probl\u00e9matiques venant heurter la peau et parfois la p\u00e9n\u00e9trer, causant douleur et parfois infections locales. Ils touchent plus souvent les gros orteils, mais peuvent affecter tous les ongles.\u00a0Les soins de pieds peuvent parfois enrayer les ongles incarn\u00e9s ou du moins les maintenir non probl\u00e9matiques. Par contre, certains ongles incarn\u00e9s n\u00e9cessitent une proc\u00e9dure chirurgicale non invasive afin d\u2019\u00e9liminer et ce, de fa\u00e7on permanente, les ongles incarn\u00e9s.[\/vc_column_text][vc_separator type=\u00a0\u00bbtransparent\u00a0\u00bb up=\u00a0\u00bb30&Prime; up_style=\u00a0\u00bbpx\u00a0\u00bb down=\u00a0\u00bb0&Prime; down_style=\u00a0\u00bbpx\u00a0\u00bb][\/vc_column][\/vc_row][vc_row row_type=\u00a0\u00bbrow\u00a0\u00bb use_row_as_full_screen_section=\u00a0\u00bbno\u00a0\u00bb type=\u00a0\u00bbfull_width\u00a0\u00bb text_align=\u00a0\u00bbleft\u00a0\u00bb background_color=\u00a0\u00bb#f7f7f7&Prime; box_shadow_on_row=\u00a0\u00bbno\u00a0\u00bb][vc_column][vc_separator type=\u00a0\u00bbtransparent\u00a0\u00bb up=\u00a0\u00bb30&Prime; up_style=\u00a0\u00bbpx\u00a0\u00bb down=\u00a0\u00bb0&Prime; down_style=\u00a0\u00bbpx\u00a0\u00bb][vc_column_text]<\/p>\n<h2 style=\"text-align: center;\">Causes des ongles incarn\u00e9s\u00a0:<\/h2>\n<p>[\/vc_column_text][\/vc_column][\/vc_row][vc_row row_type=\u00a0\u00bbrow\u00a0\u00bb use_row_as_full_screen_section=\u00a0\u00bbno\u00a0\u00bb type=\u00a0\u00bbgrid\u00a0\u00bb text_align=\u00a0\u00bbleft\u00a0\u00bb background_color=\u00a0\u00bb#f7f7f7&Prime; padding_top=\u00a0\u00bb75&Prime; padding_bottom=\u00a0\u00bb23&Prime; box_shadow_on_row=\u00a0\u00bbno\u00a0\u00bb][vc_column offset=\u00a0\u00bbvc_col-lg-4 vc_col-md-4&Prime;][no_icon_text box_type=\u00a0\u00bbnormal\u00a0\u00bb icon_pack=\u00a0\u00bbsimple_line_icons\u00a0\u00bb simple_line_icons=\u00a0\u00bbicon-crop\u00a0\u00bb icon_type=\u00a0\u00bbnormal\u00a0\u00bb icon_size=\u00a0\u00bbfa-lg\u00a0\u00bb icon_animation_hover=\u00a0\u00bbno\u00a0\u00bb icon_position=\u00a0\u00bbleft\u00a0\u00bb icon_margin=\u00a0\u00bb-20px 0 0 0&Prime; separator=\u00a0\u00bbno\u00a0\u00bb title=\u00a0\u00bbMauvaise coupe d&rsquo;ongle\u00a0\u00bb title_tag=\u00a0\u00bbh5&Prime; text=\u00a0\u00bbUne coupe inad\u00e9quate de l&rsquo;ongle peut laisser une pointe rigide et blesser la peau. \u00a0\u00bb custom_icon_size=\u00a0\u00bb35&Prime; icon_color=\u00a0\u00bb#4a0b50&Prime; text_left_padding=\u00a0\u00bb70&Prime;][vc_separator type=\u00a0\u00bbtransparent\u00a0\u00bb up=\u00a0\u00bb30&Prime; up_style=\u00a0\u00bbpx\u00a0\u00bb down=\u00a0\u00bb0&Prime; down_style=\u00a0\u00bbpx\u00a0\u00bb][\/vc_column][vc_column offset=\u00a0\u00bbvc_col-lg-4 vc_col-md-4&Prime;][no_icon_text box_type=\u00a0\u00bbnormal\u00a0\u00bb icon_pack=\u00a0\u00bbsimple_line_icons\u00a0\u00bb simple_line_icons=\u00a0\u00bbicon-ghost\u00a0\u00bb icon_type=\u00a0\u00bbnormal\u00a0\u00bb icon_size=\u00a0\u00bbfa-lg\u00a0\u00bb icon_animation_hover=\u00a0\u00bbno\u00a0\u00bb icon_position=\u00a0\u00bbleft\u00a0\u00bb icon_margin=\u00a0\u00bb-20px 0 0 0&Prime; separator=\u00a0\u00bbno\u00a0\u00bb title=\u00a0\u00bbCoup \/ traumatisme\u00a0\u00bb title_tag=\u00a0\u00bbh5&Prime; text=\u00a0\u00bbUn traumatisme \u00e0 l&rsquo;ongle peut craquer l&rsquo;ongle ou encore blesser la peau.\u00a0\u00bb custom_icon_size=\u00a0\u00bb35&Prime; icon_color=\u00a0\u00bb#4a0b50&Prime; text_left_padding=\u00a0\u00bb70&Prime;][vc_separator type=\u00a0\u00bbtransparent\u00a0\u00bb up=\u00a0\u00bb30&Prime; up_style=\u00a0\u00bbpx\u00a0\u00bb down=\u00a0\u00bb0&Prime; down_style=\u00a0\u00bbpx\u00a0\u00bb][\/vc_column][vc_column offset=\u00a0\u00bbvc_col-lg-4 vc_col-md-4&Prime;][no_icon_text box_type=\u00a0\u00bbnormal\u00a0\u00bb icon_pack=\u00a0\u00bbsimple_line_icons\u00a0\u00bb simple_line_icons=\u00a0\u00bbicon-tag\u00a0\u00bb icon_type=\u00a0\u00bbnormal\u00a0\u00bb icon_size=\u00a0\u00bbfa-lg\u00a0\u00bb icon_animation_hover=\u00a0\u00bbno\u00a0\u00bb icon_position=\u00a0\u00bbleft\u00a0\u00bb icon_margin=\u00a0\u00bb-20px 0 0 0&Prime; separator=\u00a0\u00bbno\u00a0\u00bb title=\u00a0\u00bbSouliers\u00a0\u00bb title_tag=\u00a0\u00bbh5&Prime; text=\u00a0\u00bbUn soulier mal ajust\u00e9 ou trop petit peut compresser l&rsquo;ongle sur la peau et entra\u00eener l&rsquo;ongle incarn\u00e9. \u00a0\u00bb custom_icon_size=\u00a0\u00bb35&Prime; icon_color=\u00a0\u00bb#4a0b50&Prime; text_left_padding=\u00a0\u00bb70&Prime;][vc_separator type=\u00a0\u00bbtransparent\u00a0\u00bb up=\u00a0\u00bb30&Prime; up_style=\u00a0\u00bbpx\u00a0\u00bb down=\u00a0\u00bb0&Prime; down_style=\u00a0\u00bbpx\u00a0\u00bb][\/vc_column][\/vc_row][vc_row row_type=\u00a0\u00bbrow\u00a0\u00bb use_row_as_full_screen_section=\u00a0\u00bbno\u00a0\u00bb type=\u00a0\u00bbgrid\u00a0\u00bb text_align=\u00a0\u00bbleft\u00a0\u00bb background_color=\u00a0\u00bb#f7f7f7&Prime; padding_top=\u00a0\u00bb75&Prime; padding_bottom=\u00a0\u00bb23&Prime; box_shadow_on_row=\u00a0\u00bbno\u00a0\u00bb][vc_column offset=\u00a0\u00bbvc_col-lg-4 vc_col-md-4&Prime;][no_icon_text box_type=\u00a0\u00bbnormal\u00a0\u00bb icon_pack=\u00a0\u00bbsimple_line_icons\u00a0\u00bb simple_line_icons=\u00a0\u00bbicon-star\u00a0\u00bb icon_type=\u00a0\u00bbnormal\u00a0\u00bb icon_size=\u00a0\u00bbfa-lg\u00a0\u00bb icon_animation_hover=\u00a0\u00bbno\u00a0\u00bb icon_position=\u00a0\u00bbleft\u00a0\u00bb icon_margin=\u00a0\u00bb-20px 0 0 0&Prime; separator=\u00a0\u00bbno\u00a0\u00bb title=\u00a0\u00bbForme de l&rsquo;ongle\u00a0\u00bb title_tag=\u00a0\u00bbh5&Prime; text=\u00a0\u00bbLa forme de votre ongle peut \u00eatre la cause initiale. Un ongle trop large pour la peau entra\u00eenera un ongle incarn\u00e9 r\u00e9current. \u00a0\u00bb custom_icon_size=\u00a0\u00bb35&Prime; icon_color=\u00a0\u00bb#4a0b50&Prime; text_left_padding=\u00a0\u00bb70&Prime;][vc_separator type=\u00a0\u00bbtransparent\u00a0\u00bb up=\u00a0\u00bb30&Prime; up_style=\u00a0\u00bbpx\u00a0\u00bb down=\u00a0\u00bb0&Prime; down_style=\u00a0\u00bbpx\u00a0\u00bb][\/vc_column][vc_column offset=\u00a0\u00bbvc_col-lg-4 vc_col-md-4&Prime;][no_icon_text box_type=\u00a0\u00bbnormal\u00a0\u00bb icon_pack=\u00a0\u00bbsimple_line_icons\u00a0\u00bb simple_line_icons=\u00a0\u00bbicon-direction\u00a0\u00bb icon_type=\u00a0\u00bbnormal\u00a0\u00bb icon_size=\u00a0\u00bbfa-lg\u00a0\u00bb icon_animation_hover=\u00a0\u00bbno\u00a0\u00bb icon_position=\u00a0\u00bbleft\u00a0\u00bb icon_margin=\u00a0\u00bb-20px 0 0 0&Prime; separator=\u00a0\u00bbno\u00a0\u00bb title=\u00a0\u00bbD\u00e9marche inad\u00e9quate\u00a0\u00bb title_tag=\u00a0\u00bbh5&Prime; text=\u00a0\u00bbUne d\u00e9marche probl\u00e9matique peut entra\u00eener un d\u00e9balancement de la pression aux orteils et pousser l&rsquo;ongle dans la peau. \u00a0\u00bb custom_icon_size=\u00a0\u00bb35&Prime; icon_color=\u00a0\u00bb#4a0b50&Prime; text_left_padding=\u00a0\u00bb70&Prime;][vc_separator type=\u00a0\u00bbtransparent\u00a0\u00bb up=\u00a0\u00bb30&Prime; up_style=\u00a0\u00bbpx\u00a0\u00bb down=\u00a0\u00bb0&Prime; down_style=\u00a0\u00bbpx\u00a0\u00bb][\/vc_column][vc_column offset=\u00a0\u00bbvc_col-lg-4 vc_col-md-4&Prime;][vc_separator type=\u00a0\u00bbtransparent\u00a0\u00bb up=\u00a0\u00bb30&Prime; up_style=\u00a0\u00bbpx\u00a0\u00bb down=\u00a0\u00bb0&Prime; down_style=\u00a0\u00bbpx\u00a0\u00bb][\/vc_column][\/vc_row]<\/p>\n","protected":false},"excerpt":{"rendered":"<p>[vc_row row_type=\u00a0\u00bbrow\u00a0\u00bb use_row_as_full_screen_section=\u00a0\u00bbno\u00a0\u00bb type=\u00a0\u00bbgrid\u00a0\u00bb text_align=\u00a0\u00bbleft\u00a0\u00bb padding_top=\u00a0\u00bb80&Prime; padding_bottom=\u00a0\u00bb50&Prime; box_shadow_on_row=\u00a0\u00bbno\u00a0\u00bb][vc_column offset=\u00a0\u00bbvc_col-lg-6 vc_col-md-6 vc_col-xs-12&Prime;][vc_single_image image=\u00a0\u00bb348112&Prime; img_size=\u00a0\u00bbfull\u00a0\u00bb][vc_separator type=\u00a0\u00bbtransparent\u00a0\u00bb up=\u00a0\u00bb30&Prime; up_style=\u00a0\u00bbpx\u00a0\u00bb down=\u00a0\u00bb0&Prime; down_style=\u00a0\u00bbpx\u00a0\u00bb][\/vc_column][vc_column offset=\u00a0\u00bbvc_col-lg-6 vc_col-md-6 vc_col-xs-12&Prime;][vc_column_text] Ongles incarn\u00e9s [\/vc_column_text][vc_separator type=\u00a0\u00bbtransparent\u00a0\u00bb up=\u00a0\u00bb35&Prime; up_style=\u00a0\u00bbpx\u00a0\u00bb down=\u00a0\u00bb0&Prime; down_style=\u00a0\u00bbpx\u00a0\u00bb][vc_column_text]Les ongles incarn\u00e9s sont des ongles probl\u00e9matiques venant heurter la peau et parfois la p\u00e9n\u00e9trer, causant douleur&#8230;<\/p>\n","protected":false},"author":1,"featured_media":0,"parent":0,"menu_order":0,"comment_status":"open","ping_status":"closed","template":"full_width.php","meta":{"footnotes":""},"class_list":["post-348013","page","type-page","status-publish","hentry"],"_links":{"self":[{"href":"https:\/\/podiatryvictoria.com\/fr\/wp-json\/wp\/v2\/pages\/348013","targetHints":{"allow":["GET"]}}],"collection":[{"href":"https:\/\/podiatryvictoria.com\/fr\/wp-json\/wp\/v2\/pages"}],"about":[{"href":"https:\/\/podiatryvictoria.com\/fr\/wp-json\/wp\/v2\/types\/page"}],"author":[{"embeddable":true,"href":"https:\/\/podiatryvictoria.com\/fr\/wp-json\/wp\/v2\/users\/1"}],"replies":[{"embeddable":true,"href":"https:\/\/podiatryvictoria.com\/fr\/wp-json\/wp\/v2\/comments?post=348013"}],"version-history":[{"count":5,"href":"https:\/\/podiatryvictoria.com\/fr\/wp-json\/wp\/v2\/pages\/348013\/revisions"}],"predecessor-version":[{"id":348211,"href":"https:\/\/podiatryvictoria.com\/fr\/wp-json\/wp\/v2\/pages\/348013\/revisions\/348211"}],"wp:attachment":[{"href":"https:\/\/podiatryvictoria.com\/fr\/wp-json\/wp\/v2\/media?parent=348013"}],"curies":[{"name":"wp","href":"https:\/\/api.w.org\/{rel}","templated":true}]}}