{"id":348015,"date":"2016-02-10T17:28:57","date_gmt":"2016-02-10T17:28:57","guid":{"rendered":"https:\/\/podiatryvictoria.com\/?page_id=348015&#038;lang=fr"},"modified":"2016-06-10T16:32:14","modified_gmt":"2016-06-10T16:32:14","slug":"verrues-plantaires","status":"publish","type":"page","link":"https:\/\/podiatryvictoria.com\/fr\/verrues-plantaires\/","title":{"rendered":"Verrues plantaires"},"content":{"rendered":"<p>[vc_row row_type=\u00a0\u00bbrow\u00a0\u00bb use_row_as_full_screen_section=\u00a0\u00bbno\u00a0\u00bb type=\u00a0\u00bbgrid\u00a0\u00bb text_align=\u00a0\u00bbcenter\u00a0\u00bb padding_top=\u00a0\u00bb147&Prime; padding_bottom=\u00a0\u00bb73&Prime; box_shadow_on_row=\u00a0\u00bbno\u00a0\u00bb][vc_column offset=\u00a0\u00bbvc_col-lg-6 vc_col-md-6&Prime;][vc_single_image image=\u00a0\u00bb347806&Prime; img_size=\u00a0\u00bbfull\u00a0\u00bb alignment=\u00a0\u00bbcenter\u00a0\u00bb eltd_css_animation=\u00a0\u00bbelement_from_left\u00a0\u00bb transition_delay=\u00a0\u00bb0.2&Prime;][vc_separator type=\u00a0\u00bbtransparent\u00a0\u00bb up=\u00a0\u00bb40&Prime; up_style=\u00a0\u00bbpx\u00a0\u00bb down=\u00a0\u00bb0&Prime; down_style=\u00a0\u00bbpx\u00a0\u00bb][\/vc_column][vc_column offset=\u00a0\u00bbvc_col-lg-6 vc_col-md-6&Prime;][vc_text_separator title=\u00a0\u00bbService\u00a0\u00bb text_in_box=\u00a0\u00bbno\u00a0\u00bb text_position=\u00a0\u00bbcenter\u00a0\u00bb box_height=\u00a0\u00bb26&Prime; box_padding=\u00a0\u00bb16&Prime; line_color=\u00a0\u00bb#dadada\u00a0\u00bb line_width=\u00a0\u00bb43&Prime; animation=\u00a0\u00bbanimate_width\u00a0\u00bb line_thickness=\u00a0\u00bb2&Prime; line_border_style=\u00a0\u00bbsolid\u00a0\u00bb down=\u00a0\u00bb24&Prime; line_dots=\u00a0\u00bbno\u00a0\u00bb title_color=\u00a0\u00bb#4a0b50&Prime;][vc_column_text]<\/p>\n<h2>Traitement des verrues plantaires<\/h2>\n<p>[\/vc_column_text][vc_separator type=\u00a0\u00bbtransparent\u00a0\u00bb up=\u00a0\u00bb22&Prime; up_style=\u00a0\u00bbpx\u00a0\u00bb down=\u00a0\u00bb0&Prime; down_style=\u00a0\u00bbpx\u00a0\u00bb][vc_column_text]Avec les ann\u00e9es, le traitement des verrues plantaires a grandement \u00e9volu\u00e9. Pour s\u2019en d\u00e9partir, des traitements autres que l&rsquo;azote sont effectu\u00e9s par les podiatres. Selon la gravit\u00e9 du cas, l\u2019intervention peut prendre d&rsquo;un \u00e0 plusieurs traitements.[\/vc_column_text][vc_separator type=\u00a0\u00bbtransparent\u00a0\u00bb up=\u00a0\u00bb28&Prime; up_style=\u00a0\u00bbpx\u00a0\u00bb down=\u00a0\u00bb0&Prime; down_style=\u00a0\u00bbpx\u00a0\u00bb][no_button style=\u00a0\u00bbtransparent\u00a0\u00bb button_hover_animation=\u00a0\u00bbfill_text_rotate_icon\u00a0\u00bb icon_pack=\u00a0\u00bbsimple_line_icons\u00a0\u00bb simple_line_icons=\u00a0\u00bbicon-paper-plane\u00a0\u00bb target=\u00a0\u00bb_self\u00a0\u00bb icon_position=\u00a0\u00bbright\u00a0\u00bb text=\u00a0\u00bbContactez-nous\u00a0\u00bb icon_font_size=\u00a0\u00bb19&Prime; link=\u00a0\u00bbhttps:\/\/podiatryvictoria.com\/\/contactez-nous\/?lang=fr\u00a0\u00bb][\/vc_column][\/vc_row]<\/p>\n","protected":false},"excerpt":{"rendered":"<p>[vc_row row_type=\u00a0\u00bbrow\u00a0\u00bb use_row_as_full_screen_section=\u00a0\u00bbno\u00a0\u00bb type=\u00a0\u00bbgrid\u00a0\u00bb text_align=\u00a0\u00bbcenter\u00a0\u00bb padding_top=\u00a0\u00bb147&Prime; padding_bottom=\u00a0\u00bb73&Prime; box_shadow_on_row=\u00a0\u00bbno\u00a0\u00bb][vc_column offset=\u00a0\u00bbvc_col-lg-6 vc_col-md-6&Prime;][vc_single_image image=\u00a0\u00bb347806&Prime; img_size=\u00a0\u00bbfull\u00a0\u00bb alignment=\u00a0\u00bbcenter\u00a0\u00bb eltd_css_animation=\u00a0\u00bbelement_from_left\u00a0\u00bb transition_delay=\u00a0\u00bb0.2&Prime;][vc_separator type=\u00a0\u00bbtransparent\u00a0\u00bb up=\u00a0\u00bb40&Prime; up_style=\u00a0\u00bbpx\u00a0\u00bb down=\u00a0\u00bb0&Prime; down_style=\u00a0\u00bbpx\u00a0\u00bb][\/vc_column][vc_column offset=\u00a0\u00bbvc_col-lg-6 vc_col-md-6&Prime;][vc_text_separator title=\u00a0\u00bbService\u00a0\u00bb text_in_box=\u00a0\u00bbno\u00a0\u00bb text_position=\u00a0\u00bbcenter\u00a0\u00bb box_height=\u00a0\u00bb26&Prime; box_padding=\u00a0\u00bb16&Prime; line_color=\u00a0\u00bb#dadada\u00a0\u00bb line_width=\u00a0\u00bb43&Prime; animation=\u00a0\u00bbanimate_width\u00a0\u00bb line_thickness=\u00a0\u00bb2&Prime; line_border_style=\u00a0\u00bbsolid\u00a0\u00bb down=\u00a0\u00bb24&Prime; line_dots=\u00a0\u00bbno\u00a0\u00bb title_color=\u00a0\u00bb#4a0b50&Prime;][vc_column_text] Traitement des verrues plantaires [\/vc_column_text][vc_separator type=\u00a0\u00bbtransparent\u00a0\u00bb up=\u00a0\u00bb22&Prime; up_style=\u00a0\u00bbpx\u00a0\u00bb down=\u00a0\u00bb0&Prime; down_style=\u00a0\u00bbpx\u00a0\u00bb][vc_column_text]Avec&#8230;<\/p>\n","protected":false},"author":1,"featured_media":0,"parent":0,"menu_order":0,"comment_status":"open","ping_status":"closed","template":"full_width.php","meta":{"footnotes":""},"class_list":["post-348015","page","type-page","status-publish","hentry"],"_links":{"self":[{"href":"https:\/\/podiatryvictoria.com\/fr\/wp-json\/wp\/v2\/pages\/348015","targetHints":{"allow":["GET"]}}],"collection":[{"href":"https:\/\/podiatryvictoria.com\/fr\/wp-json\/wp\/v2\/pages"}],"about":[{"href":"https:\/\/podiatryvictoria.com\/fr\/wp-json\/wp\/v2\/types\/page"}],"author":[{"embeddable":true,"href":"https:\/\/podiatryvictoria.com\/fr\/wp-json\/wp\/v2\/users\/1"}],"replies":[{"embeddable":true,"href":"https:\/\/podiatryvictoria.com\/fr\/wp-json\/wp\/v2\/comments?post=348015"}],"version-history":[{"count":5,"href":"https:\/\/podiatryvictoria.com\/fr\/wp-json\/wp\/v2\/pages\/348015\/revisions"}],"predecessor-version":[{"id":348232,"href":"https:\/\/podiatryvictoria.com\/fr\/wp-json\/wp\/v2\/pages\/348015\/revisions\/348232"}],"wp:attachment":[{"href":"https:\/\/podiatryvictoria.com\/fr\/wp-json\/wp\/v2\/media?parent=348015"}],"curies":[{"name":"wp","href":"https:\/\/api.w.org\/{rel}","templated":true}]}}