{"id":348020,"date":"2016-02-10T17:53:50","date_gmt":"2016-02-10T17:53:50","guid":{"rendered":"https:\/\/podiatryvictoria.com\/?page_id=348020&#038;lang=fr"},"modified":"2022-04-01T11:51:56","modified_gmt":"2022-04-01T11:51:56","slug":"traitement-laser","status":"publish","type":"page","link":"https:\/\/podiatryvictoria.com\/fr\/traitement-laser\/","title":{"rendered":"Traitement laser"},"content":{"rendered":"<p>[vc_row row_type=\u00a0\u00bbrow\u00a0\u00bb use_row_as_full_screen_section=\u00a0\u00bbno\u00a0\u00bb type=\u00a0\u00bbgrid\u00a0\u00bb text_align=\u00a0\u00bbleft\u00a0\u00bb padding_top=\u00a0\u00bb80&Prime; padding_bottom=\u00a0\u00bb50&Prime; box_shadow_on_row=\u00a0\u00bbno\u00a0\u00bb][vc_column offset=\u00a0\u00bbvc_col-lg-6 vc_col-md-6 vc_col-xs-12&Prime;][no_numbered_image image=\u00a0\u00bb347801&Prime; number=\u00a0\u00bb1&Prime; number_color=\u00a0\u00bb#ffffff\u00a0\u00bb stripe_color=\u00a0\u00bb#4a0b50&Prime;][vc_separator type=\u00a0\u00bbtransparent\u00a0\u00bb up=\u00a0\u00bb30&Prime; up_style=\u00a0\u00bbpx\u00a0\u00bb down=\u00a0\u00bb0&Prime; down_style=\u00a0\u00bbpx\u00a0\u00bb][\/vc_column][vc_column offset=\u00a0\u00bbvc_col-lg-6 vc_col-md-6 vc_col-xs-12&Prime;][vc_separator type=\u00a0\u00bbtransparent\u00a0\u00bb up=\u00a0\u00bb30&Prime; up_style=\u00a0\u00bbpx\u00a0\u00bb down=\u00a0\u00bb0&Prime; down_style=\u00a0\u00bbpx\u00a0\u00bb][vc_column_text]<\/p>\n<h2>\u00c9valuation<\/h2>\n<p>[\/vc_column_text][vc_separator type=\u00a0\u00bbtransparent\u00a0\u00bb up=\u00a0\u00bb35&Prime; up_style=\u00a0\u00bbpx\u00a0\u00bb down=\u00a0\u00bb0&Prime; down_style=\u00a0\u00bbpx\u00a0\u00bb][vc_column_text]Avant tout traitement, il est important de faire \u00e9valuer l&rsquo;ongle par le podiatre car plusieurs autres probl\u00e8mes d&rsquo;ongles peuvent ressembler a l&rsquo;onychomycose. Le champignon, une infection des ongles par une mycose, est tr\u00e8s difficile \u00e0 traiter avec les produits locaux et les m\u00e9dicaments par prise orale peuvent cr\u00e9er des effets secondaires chez les patients.[\/vc_column_text][vc_separator type=\u00a0\u00bbtransparent\u00a0\u00bb up=\u00a0\u00bb30&Prime; up_style=\u00a0\u00bbpx\u00a0\u00bb down=\u00a0\u00bb0&Prime; down_style=\u00a0\u00bbpx\u00a0\u00bb][vc_separator type=\u00a0\u00bbtransparent\u00a0\u00bb up=\u00a0\u00bb30&Prime; up_style=\u00a0\u00bbpx\u00a0\u00bb down=\u00a0\u00bb0&Prime; down_style=\u00a0\u00bbpx\u00a0\u00bb][\/vc_column][\/vc_row][vc_row row_type=\u00a0\u00bbrow\u00a0\u00bb use_row_as_full_screen_section=\u00a0\u00bbno\u00a0\u00bb type=\u00a0\u00bbgrid\u00a0\u00bb text_align=\u00a0\u00bbleft\u00a0\u00bb background_color=\u00a0\u00bb#f7f7f7&Prime; padding_top=\u00a0\u00bb80&Prime; padding_bottom=\u00a0\u00bb50&Prime; box_shadow_on_row=\u00a0\u00bbno\u00a0\u00bb][vc_column offset=\u00a0\u00bbvc_col-lg-6 vc_col-md-6 vc_col-xs-12&Prime;][vc_separator type=\u00a0\u00bbtransparent\u00a0\u00bb up=\u00a0\u00bb35&Prime; up_style=\u00a0\u00bbpx\u00a0\u00bb down=\u00a0\u00bb0&Prime; down_style=\u00a0\u00bbpx\u00a0\u00bb][vc_column_text]<\/p>\n<h2>Traitement<\/h2>\n<p>[\/vc_column_text][vc_separator type=\u00a0\u00bbtransparent\u00a0\u00bb up=\u00a0\u00bb35&Prime; up_style=\u00a0\u00bbpx\u00a0\u00bb down=\u00a0\u00bb0&Prime; down_style=\u00a0\u00bbpx\u00a0\u00bb][vc_column_text]Suite \u00e0 l&rsquo;\u00e9valuation du patient, le laser peut \u00eatre\u00a0un traitement de choix pour ce type d\u2019infection, car il ne n\u00e9cessite aucun m\u00e9dicament et n\u2019a pas d\u2019effets secondaires, outre une chaleur lors du traitement. Une moyenne de 3 visites chez votre podiatre seront n\u00e9cessaires pour effectuer le traitement.[\/vc_column_text][vc_separator type=\u00a0\u00bbtransparent\u00a0\u00bb up=\u00a0\u00bb30&Prime; up_style=\u00a0\u00bbpx\u00a0\u00bb down=\u00a0\u00bb0&Prime; down_style=\u00a0\u00bbpx\u00a0\u00bb][\/vc_column][vc_column offset=\u00a0\u00bbvc_col-lg-6 vc_col-md-6 vc_col-xs-12&Prime;][no_numbered_image image=\u00a0\u00bb347804&Prime; number=\u00a0\u00bb2&Prime; number_color=\u00a0\u00bb#ffffff\u00a0\u00bb stripe_color=\u00a0\u00bb#4a0b50&Prime;][vc_separator type=\u00a0\u00bbtransparent\u00a0\u00bb up=\u00a0\u00bb30&Prime; up_style=\u00a0\u00bbpx\u00a0\u00bb down=\u00a0\u00bb0&Prime; down_style=\u00a0\u00bbpx\u00a0\u00bb][\/vc_column][\/vc_row]<\/p>\n","protected":false},"excerpt":{"rendered":"<p>[vc_row row_type=\u00a0\u00bbrow\u00a0\u00bb use_row_as_full_screen_section=\u00a0\u00bbno\u00a0\u00bb type=\u00a0\u00bbgrid\u00a0\u00bb text_align=\u00a0\u00bbleft\u00a0\u00bb padding_top=\u00a0\u00bb80&Prime; padding_bottom=\u00a0\u00bb50&Prime; box_shadow_on_row=\u00a0\u00bbno\u00a0\u00bb][vc_column offset=\u00a0\u00bbvc_col-lg-6 vc_col-md-6 vc_col-xs-12&Prime;][no_numbered_image image=\u00a0\u00bb347801&Prime; number=\u00a0\u00bb1&Prime; number_color=\u00a0\u00bb#ffffff\u00a0\u00bb stripe_color=\u00a0\u00bb#4a0b50&Prime;][vc_separator type=\u00a0\u00bbtransparent\u00a0\u00bb up=\u00a0\u00bb30&Prime; up_style=\u00a0\u00bbpx\u00a0\u00bb down=\u00a0\u00bb0&Prime; down_style=\u00a0\u00bbpx\u00a0\u00bb][\/vc_column][vc_column offset=\u00a0\u00bbvc_col-lg-6 vc_col-md-6 vc_col-xs-12&Prime;][vc_separator type=\u00a0\u00bbtransparent\u00a0\u00bb up=\u00a0\u00bb30&Prime; up_style=\u00a0\u00bbpx\u00a0\u00bb down=\u00a0\u00bb0&Prime; down_style=\u00a0\u00bbpx\u00a0\u00bb][vc_column_text] \u00c9valuation [\/vc_column_text][vc_separator type=\u00a0\u00bbtransparent\u00a0\u00bb up=\u00a0\u00bb35&Prime; up_style=\u00a0\u00bbpx\u00a0\u00bb down=\u00a0\u00bb0&Prime; down_style=\u00a0\u00bbpx\u00a0\u00bb][vc_column_text]Avant tout traitement, il est important de faire \u00e9valuer l&rsquo;ongle par&#8230;<\/p>\n","protected":false},"author":1,"featured_media":0,"parent":0,"menu_order":0,"comment_status":"open","ping_status":"closed","template":"full_width.php","meta":{"footnotes":""},"class_list":["post-348020","page","type-page","status-publish","hentry"],"_links":{"self":[{"href":"https:\/\/podiatryvictoria.com\/fr\/wp-json\/wp\/v2\/pages\/348020","targetHints":{"allow":["GET"]}}],"collection":[{"href":"https:\/\/podiatryvictoria.com\/fr\/wp-json\/wp\/v2\/pages"}],"about":[{"href":"https:\/\/podiatryvictoria.com\/fr\/wp-json\/wp\/v2\/types\/page"}],"author":[{"embeddable":true,"href":"https:\/\/podiatryvictoria.com\/fr\/wp-json\/wp\/v2\/users\/1"}],"replies":[{"embeddable":true,"href":"https:\/\/podiatryvictoria.com\/fr\/wp-json\/wp\/v2\/comments?post=348020"}],"version-history":[{"count":7,"href":"https:\/\/podiatryvictoria.com\/fr\/wp-json\/wp\/v2\/pages\/348020\/revisions"}],"predecessor-version":[{"id":348572,"href":"https:\/\/podiatryvictoria.com\/fr\/wp-json\/wp\/v2\/pages\/348020\/revisions\/348572"}],"wp:attachment":[{"href":"https:\/\/podiatryvictoria.com\/fr\/wp-json\/wp\/v2\/media?parent=348020"}],"curies":[{"name":"wp","href":"https:\/\/api.w.org\/{rel}","templated":true}]}}