{"id":348025,"date":"2016-02-10T18:28:33","date_gmt":"2016-02-10T18:28:33","guid":{"rendered":"https:\/\/podiatryvictoria.com\/?page_id=348025&#038;lang=fr"},"modified":"2016-11-09T14:35:47","modified_gmt":"2016-11-09T14:35:47","slug":"ortheses","status":"publish","type":"page","link":"https:\/\/podiatryvictoria.com\/fr\/ortheses\/","title":{"rendered":"Orth\u00e8ses"},"content":{"rendered":"<p>[vc_row row_type=\u00a0\u00bbrow\u00a0\u00bb use_row_as_full_screen_section=\u00a0\u00bbno\u00a0\u00bb type=\u00a0\u00bbgrid\u00a0\u00bb text_align=\u00a0\u00bbleft\u00a0\u00bb padding_top=\u00a0\u00bb74&Prime; padding_bottom=\u00a0\u00bb49&Prime; box_shadow_on_row=\u00a0\u00bbno\u00a0\u00bb][vc_column css=\u00a0\u00bb.vc_custom_1453216893534{margin-bottom: -80px !important;}\u00a0\u00bb][vc_column_text]<\/p>\n<h2>probl\u00e8mes courants<\/h2>\n<p>[\/vc_column_text][\/vc_column][\/vc_row][vc_row row_type=\u00a0\u00bbrow\u00a0\u00bb use_row_as_full_screen_section=\u00a0\u00bbno\u00a0\u00bb type=\u00a0\u00bbgrid\u00a0\u00bb text_align=\u00a0\u00bbleft\u00a0\u00bb padding_bottom=\u00a0\u00bb20&Prime; box_shadow_on_row=\u00a0\u00bbno\u00a0\u00bb][vc_column width=\u00a0\u00bb1\/2&Prime; offset=\u00a0\u00bbvc_col-md-3&Prime;][vc_separator type=\u00a0\u00bbtransparent\u00a0\u00bb up=\u00a0\u00bb64&Prime; up_style=\u00a0\u00bbpx\u00a0\u00bb down=\u00a0\u00bb0&Prime; down_style=\u00a0\u00bbpx\u00a0\u00bb][no_icons icon_pack=\u00a0\u00bbsimple_line_icons\u00a0\u00bb simple_line_icons=\u00a0\u00bbicon-check\u00a0\u00bb fa_size=\u00a0\u00bbfa-lg\u00a0\u00bb custom_size=\u00a0\u00bb55&Prime; type=\u00a0\u00bbnormal\u00a0\u00bb icon_animation=\u00a0\u00bbeltd_icon_animation\u00a0\u00bb icon_hover_effect=\u00a0\u00bbroll_over\u00a0\u00bb icon_animation_delay=\u00a0\u00bb100&Prime; icon_color=\u00a0\u00bb#4a0b50&Prime; hover_icon_color=\u00a0\u00bb#464646&Prime;][vc_separator type=\u00a0\u00bbtransparent\u00a0\u00bb up=\u00a0\u00bb21&Prime; up_style=\u00a0\u00bbpx\u00a0\u00bb down=\u00a0\u00bb0&Prime; down_style=\u00a0\u00bbpx\u00a0\u00bb][vc_column_text]<\/p>\n<h5>Pieds plats \/ creux<\/h5>\n<p>[\/vc_column_text][vc_separator type=\u00a0\u00bbsmall\u00a0\u00bb position=\u00a0\u00bbleft\u00a0\u00bb color=\u00a0\u00bb#dadada\u00a0\u00bb width=\u00a0\u00bb25&Prime; thickness=\u00a0\u00bb2&Prime; up=\u00a0\u00bb14&Prime; up_style=\u00a0\u00bbpx\u00a0\u00bb down=\u00a0\u00bb18&Prime; down_style=\u00a0\u00bbpx\u00a0\u00bb][vc_column_text]Traitement des pieds plats \/ creux[\/vc_column_text][vc_separator type=\u00a0\u00bbtransparent\u00a0\u00bb up=\u00a0\u00bb39&Prime; up_style=\u00a0\u00bbpx\u00a0\u00bb down=\u00a0\u00bb0&Prime; down_style=\u00a0\u00bbpx\u00a0\u00bb][\/vc_column][vc_column width=\u00a0\u00bb1\/2&Prime; offset=\u00a0\u00bbvc_col-md-3&Prime;][vc_separator type=\u00a0\u00bbtransparent\u00a0\u00bb up=\u00a0\u00bb64&Prime; up_style=\u00a0\u00bbpx\u00a0\u00bb down=\u00a0\u00bb0&Prime; down_style=\u00a0\u00bbpx\u00a0\u00bb][no_icons icon_pack=\u00a0\u00bbsimple_line_icons\u00a0\u00bb simple_line_icons=\u00a0\u00bbicon-check\u00a0\u00bb fa_size=\u00a0\u00bbfa-lg\u00a0\u00bb custom_size=\u00a0\u00bb55&Prime; type=\u00a0\u00bbnormal\u00a0\u00bb icon_animation=\u00a0\u00bbeltd_icon_animation\u00a0\u00bb icon_hover_effect=\u00a0\u00bbroll_over\u00a0\u00bb icon_animation_delay=\u00a0\u00bb200&Prime; icon_color=\u00a0\u00bb#4a0b50&Prime; hover_icon_color=\u00a0\u00bb#464646&Prime;][vc_separator type=\u00a0\u00bbtransparent\u00a0\u00bb up=\u00a0\u00bb21&Prime; up_style=\u00a0\u00bbpx\u00a0\u00bb down=\u00a0\u00bb0&Prime; down_style=\u00a0\u00bbpx\u00a0\u00bb][vc_column_text]<\/p>\n<h5>D\u00e9formations<\/h5>\n<p>[\/vc_column_text][vc_separator type=\u00a0\u00bbsmall\u00a0\u00bb position=\u00a0\u00bbleft\u00a0\u00bb color=\u00a0\u00bb#dadada\u00a0\u00bb width=\u00a0\u00bb25&Prime; thickness=\u00a0\u00bb2&Prime; up=\u00a0\u00bb14&Prime; up_style=\u00a0\u00bbpx\u00a0\u00bb down=\u00a0\u00bb18&Prime; down_style=\u00a0\u00bbpx\u00a0\u00bb][vc_column_text]Contr\u00f4le des d\u00e9formations\u00a0(orteils marteaux, oignons, etc)[\/vc_column_text][vc_separator type=\u00a0\u00bbtransparent\u00a0\u00bb up=\u00a0\u00bb39&Prime; up_style=\u00a0\u00bbpx\u00a0\u00bb down=\u00a0\u00bb0&Prime; down_style=\u00a0\u00bbpx\u00a0\u00bb][\/vc_column][vc_column width=\u00a0\u00bb1\/2&Prime; offset=\u00a0\u00bbvc_col-md-3&Prime;][vc_separator type=\u00a0\u00bbtransparent\u00a0\u00bb up=\u00a0\u00bb64&Prime; up_style=\u00a0\u00bbpx\u00a0\u00bb down=\u00a0\u00bb0&Prime; down_style=\u00a0\u00bbpx\u00a0\u00bb][no_icons icon_pack=\u00a0\u00bbsimple_line_icons\u00a0\u00bb simple_line_icons=\u00a0\u00bbicon-check\u00a0\u00bb fa_size=\u00a0\u00bbfa-lg\u00a0\u00bb custom_size=\u00a0\u00bb55&Prime; type=\u00a0\u00bbnormal\u00a0\u00bb icon_animation=\u00a0\u00bbeltd_icon_animation\u00a0\u00bb icon_hover_effect=\u00a0\u00bbroll_over\u00a0\u00bb icon_animation_delay=\u00a0\u00bb300&Prime; icon_color=\u00a0\u00bb#4a0b50&Prime; hover_icon_color=\u00a0\u00bb#464646&Prime;][vc_separator type=\u00a0\u00bbtransparent\u00a0\u00bb up=\u00a0\u00bb21&Prime; up_style=\u00a0\u00bbpx\u00a0\u00bb down=\u00a0\u00bb0&Prime; down_style=\u00a0\u00bbpx\u00a0\u00bb][vc_column_text]<\/p>\n<h5>Douleur<\/h5>\n<p>[\/vc_column_text][vc_separator type=\u00a0\u00bbsmall\u00a0\u00bb position=\u00a0\u00bbleft\u00a0\u00bb color=\u00a0\u00bb#dadada\u00a0\u00bb width=\u00a0\u00bb25&Prime; thickness=\u00a0\u00bb2&Prime; up=\u00a0\u00bb14&Prime; up_style=\u00a0\u00bbpx\u00a0\u00bb down=\u00a0\u00bb18&Prime; down_style=\u00a0\u00bbpx\u00a0\u00bb][vc_column_text]Gestion de la douleur[\/vc_column_text][vc_separator type=\u00a0\u00bbtransparent\u00a0\u00bb up=\u00a0\u00bb39&Prime; up_style=\u00a0\u00bbpx\u00a0\u00bb down=\u00a0\u00bb0&Prime; down_style=\u00a0\u00bbpx\u00a0\u00bb][\/vc_column][vc_column width=\u00a0\u00bb1\/2&Prime; offset=\u00a0\u00bbvc_col-md-3&Prime;][vc_separator type=\u00a0\u00bbtransparent\u00a0\u00bb up=\u00a0\u00bb64&Prime; up_style=\u00a0\u00bbpx\u00a0\u00bb down=\u00a0\u00bb0&Prime; down_style=\u00a0\u00bbpx\u00a0\u00bb][no_icons icon_pack=\u00a0\u00bbsimple_line_icons\u00a0\u00bb simple_line_icons=\u00a0\u00bbicon-check\u00a0\u00bb fa_size=\u00a0\u00bbfa-lg\u00a0\u00bb custom_size=\u00a0\u00bb55&Prime; type=\u00a0\u00bbnormal\u00a0\u00bb icon_animation=\u00a0\u00bbeltd_icon_animation\u00a0\u00bb icon_hover_effect=\u00a0\u00bbroll_over\u00a0\u00bb icon_animation_delay=\u00a0\u00bb400&Prime; icon_color=\u00a0\u00bb#4a0b50&Prime; hover_icon_color=\u00a0\u00bb#464646&Prime;][vc_separator type=\u00a0\u00bbtransparent\u00a0\u00bb up=\u00a0\u00bb21&Prime; up_style=\u00a0\u00bbpx\u00a0\u00bb down=\u00a0\u00bb0&Prime; down_style=\u00a0\u00bbpx\u00a0\u00bb][vc_column_text]<\/p>\n<h5>Posture<\/h5>\n<p>[\/vc_column_text][vc_separator type=\u00a0\u00bbsmall\u00a0\u00bb position=\u00a0\u00bbleft\u00a0\u00bb color=\u00a0\u00bb#dadada\u00a0\u00bb width=\u00a0\u00bb25&Prime; thickness=\u00a0\u00bb2&Prime; up=\u00a0\u00bb14&Prime; up_style=\u00a0\u00bbpx\u00a0\u00bb down=\u00a0\u00bb18&Prime; down_style=\u00a0\u00bbpx\u00a0\u00bb][vc_column_text]Gestion de la posture[\/vc_column_text][vc_separator type=\u00a0\u00bbtransparent\u00a0\u00bb up=\u00a0\u00bb39&Prime; up_style=\u00a0\u00bbpx\u00a0\u00bb down=\u00a0\u00bb0&Prime; down_style=\u00a0\u00bbpx\u00a0\u00bb][\/vc_column][\/vc_row][vc_row row_type=\u00a0\u00bbrow\u00a0\u00bb use_row_as_full_screen_section=\u00a0\u00bbno\u00a0\u00bb type=\u00a0\u00bbgrid\u00a0\u00bb text_align=\u00a0\u00bbleft\u00a0\u00bb background_color=\u00a0\u00bb#f7f7f7&Prime; padding_top=\u00a0\u00bb74&Prime; padding_bottom=\u00a0\u00bb49&Prime; box_shadow_on_row=\u00a0\u00bbno\u00a0\u00bb][vc_column offset=\u00a0\u00bbvc_col-md-9 vc_col-xs-12&Prime;][vc_column_text]<\/p>\n<h2>La solution \u00e0 vos probl\u00e8mes ?<\/h2>\n<p>[\/vc_column_text][vc_separator type=\u00a0\u00bbtransparent\u00a0\u00bb up=\u00a0\u00bb22&Prime; up_style=\u00a0\u00bbpx\u00a0\u00bb down=\u00a0\u00bb0&Prime; down_style=\u00a0\u00bbpx\u00a0\u00bb][vc_column_text]<\/p>\n<h4>Les orth\u00e8ses plantaires sont des appareils orthop\u00e9diques mis dans les souliers afin de corriger et\/ou de compenser les pieds pathologiques. Les pieds plats, les pieds creux, les pieds probl\u00e9matiques ayant des douleurs associ\u00e9es b\u00e9n\u00e9ficient de l\u2019orth\u00e8se plantaire.<\/h4>\n<p>[\/vc_column_text][vc_separator type=\u00a0\u00bbtransparent\u00a0\u00bb up=\u00a0\u00bb15&Prime; up_style=\u00a0\u00bbpx\u00a0\u00bb down=\u00a0\u00bb0&Prime; down_style=\u00a0\u00bbpx\u00a0\u00bb][\/vc_column][vc_column offset=\u00a0\u00bbvc_col-md-3 vc_col-xs-12&Prime;][\/vc_column][\/vc_row][vc_row row_type=\u00a0\u00bbparallax\u00a0\u00bb type=\u00a0\u00bbgrid\u00a0\u00bb text_align=\u00a0\u00bbleft\u00a0\u00bb background_image=\u00a0\u00bb348227&Prime; full_screen_section_height=\u00a0\u00bbno\u00a0\u00bb section_height=\u00a0\u00bb392&Prime;][vc_column][vc_separator type=\u00a0\u00bbtransparent\u00a0\u00bb up=\u00a0\u00bb68&Prime; up_style=\u00a0\u00bbpx\u00a0\u00bb down=\u00a0\u00bb0&Prime; down_style=\u00a0\u00bbpx\u00a0\u00bb]<div class='eltd_carousels_holder clearfix roll_over'><div class='eltd_carousels'  data-number_of_items='5'><ul class='slides'>Sorry, no posts matched your criteria.<\/ul><\/div><\/div>[vc_separator type=\u00a0\u00bbtransparent\u00a0\u00bb up=\u00a0\u00bb68&Prime; up_style=\u00a0\u00bbpx\u00a0\u00bb down=\u00a0\u00bb0&Prime; down_style=\u00a0\u00bbpx\u00a0\u00bb][\/vc_column][\/vc_row][vc_row row_type=\u00a0\u00bbrow\u00a0\u00bb use_row_as_full_screen_section=\u00a0\u00bbno\u00a0\u00bb type=\u00a0\u00bbgrid\u00a0\u00bb text_align=\u00a0\u00bbleft\u00a0\u00bb background_color=\u00a0\u00bb#f7f7f7&Prime; padding_top=\u00a0\u00bb73&Prime; padding_bottom=\u00a0\u00bb38&Prime; box_shadow_on_row=\u00a0\u00bbno\u00a0\u00bb][vc_column offset=\u00a0\u00bbvc_col-md-9 vc_col-xs-12&Prime;][vc_separator type=\u00a0\u00bbtransparent\u00a0\u00bb up=\u00a0\u00bb12&Prime; up_style=\u00a0\u00bbpx\u00a0\u00bb down=\u00a0\u00bb0&Prime; down_style=\u00a0\u00bbpx\u00a0\u00bb][vc_column_text]<\/p>\n<h2>Types de traitements<\/h2>\n<p>[\/vc_column_text][vc_separator type=\u00a0\u00bbtransparent\u00a0\u00bb up=\u00a0\u00bb22&Prime; up_style=\u00a0\u00bbpx\u00a0\u00bb down=\u00a0\u00bb0&Prime; down_style=\u00a0\u00bbpx\u00a0\u00bb][vc_column_text]<\/p>\n<h4>Seul le podiatre et le m\u00e9decin peuvent prescrire l&rsquo;orth\u00e8se plantaire. Deux types de traitements peuvent \u00eatre propos\u00e9s : les orth\u00e8ses plantaires fonctionnelles\/biodynamiques (orth\u00e8ses faites de plastique rigide et correcteur), et les orth\u00e8ses plantaires accommodatrices (orth\u00e8ses faites de mat\u00e9riaux non rigides).<\/h4>\n<p>[\/vc_column_text][vc_separator type=\u00a0\u00bbtransparent\u00a0\u00bb up=\u00a0\u00bb15&Prime; up_style=\u00a0\u00bbpx\u00a0\u00bb down=\u00a0\u00bb0&Prime; down_style=\u00a0\u00bbpx\u00a0\u00bb][\/vc_column][vc_column offset=\u00a0\u00bbvc_col-md-3 vc_col-xs-12&Prime;][vc_single_image image=\u00a0\u00bb348131&Prime; img_size=\u00a0\u00bbfull\u00a0\u00bb][\/vc_column][\/vc_row][vc_row row_type=\u00a0\u00bbrow\u00a0\u00bb use_row_as_full_screen_section=\u00a0\u00bbno\u00a0\u00bb type=\u00a0\u00bbgrid\u00a0\u00bb text_align=\u00a0\u00bbleft\u00a0\u00bb padding_top=\u00a0\u00bb55&Prime; padding_bottom=\u00a0\u00bb50&Prime; box_shadow_on_row=\u00a0\u00bbno\u00a0\u00bb][vc_column width=\u00a0\u00bb1\/2&Prime;][no_numbered_image image=\u00a0\u00bb348134&Prime; number=\u00a0\u00bb1&Prime; number_color=\u00a0\u00bb#ffffff\u00a0\u00bb stripe_color=\u00a0\u00bb#4a0b50&Prime;][vc_separator type=\u00a0\u00bbtransparent\u00a0\u00bb up=\u00a0\u00bb27&Prime; up_style=\u00a0\u00bbpx\u00a0\u00bb down=\u00a0\u00bb0&Prime; down_style=\u00a0\u00bbpx\u00a0\u00bb][vc_column_text]<\/p>\n<h5>Orth\u00e8ses plantaires fonctionnelles\/biodynamiques<\/h5>\n<p>[\/vc_column_text][vc_separator type=\u00a0\u00bbtransparent\u00a0\u00bb up=\u00a0\u00bb46&Prime; up_style=\u00a0\u00bbpx\u00a0\u00bb down=\u00a0\u00bb0&Prime; down_style=\u00a0\u00bbpx\u00a0\u00bb][\/vc_column][vc_column width=\u00a0\u00bb1\/2&Prime;][no_numbered_image image=\u00a0\u00bb348135&Prime; number=\u00a0\u00bb2&Prime; number_color=\u00a0\u00bb#ffffff\u00a0\u00bb stripe_color=\u00a0\u00bb#4a0b50&Prime;][vc_separator type=\u00a0\u00bbtransparent\u00a0\u00bb up=\u00a0\u00bb27&Prime; up_style=\u00a0\u00bbpx\u00a0\u00bb down=\u00a0\u00bb0&Prime; down_style=\u00a0\u00bbpx\u00a0\u00bb][vc_column_text]<\/p>\n<h5>Orth\u00e8ses plantaires accommodatives<\/h5>\n<p>[\/vc_column_text][vc_separator type=\u00a0\u00bbtransparent\u00a0\u00bb up=\u00a0\u00bb46&Prime; up_style=\u00a0\u00bbpx\u00a0\u00bb down=\u00a0\u00bb0&Prime; down_style=\u00a0\u00bbpx\u00a0\u00bb][\/vc_column][\/vc_row][vc_row row_type=\u00a0\u00bbrow\u00a0\u00bb use_row_as_full_screen_section=\u00a0\u00bbno\u00a0\u00bb type=\u00a0\u00bbgrid\u00a0\u00bb anchor=\u00a0\u00bbCryos\u00a0\u00bb text_align=\u00a0\u00bbleft\u00a0\u00bb background_color=\u00a0\u00bb#f7f7f7&Prime; padding_top=\u00a0\u00bb74&Prime; padding_bottom=\u00a0\u00bb49&Prime; box_shadow_on_row=\u00a0\u00bbno\u00a0\u00bb][vc_column css=\u00a0\u00bb.vc_custom_1453216893534{margin-bottom: -80px !important;}\u00a0\u00bb][vc_column_text]<\/p>\n<h2>Les orth\u00e8ses Cryos<\/h2>\n<p>[\/vc_column_text][vc_column_text]<\/p>\n<h4>Les orth\u00e8ses plantaires Cryos, fabriqu\u00e9es au Qu\u00e9bec, sont con\u00e7ues pour vous aider \u00e0 atteindre votre plein potentiel. Offrant un confort maximal, elles sont r\u00e9sistantes et performantes tout en restant discr\u00e8tes. Ces orth\u00e8ses au design unique pourront s\u2019ins\u00e9rer dans tous les types de souliers : course, marche, sport, talons hauts.<\/h4>\n<p>[\/vc_column_text][\/vc_column][\/vc_row][vc_row row_type=\u00a0\u00bbrow\u00a0\u00bb use_row_as_full_screen_section=\u00a0\u00bbno\u00a0\u00bb type=\u00a0\u00bbgrid\u00a0\u00bb text_align=\u00a0\u00bbleft\u00a0\u00bb background_color=\u00a0\u00bb#f7f7f7&Prime; padding_top=\u00a0\u00bb50&Prime; box_shadow_on_row=\u00a0\u00bbno\u00a0\u00bb][vc_column width=\u00a0\u00bb1\/3&Prime;][vc_separator type=\u00a0\u00bbtransparent\u00a0\u00bb up=\u00a0\u00bb21&Prime; up_style=\u00a0\u00bbpx\u00a0\u00bb down=\u00a0\u00bb0&Prime; down_style=\u00a0\u00bbpx\u00a0\u00bb][no_icon_text box_type=\u00a0\u00bbnormal\u00a0\u00bb icon_pack=\u00a0\u00bbsimple_line_icons\u00a0\u00bb simple_line_icons=\u00a0\u00bbicon-flag\u00a0\u00bb icon_type=\u00a0\u00bbnormal\u00a0\u00bb icon_size=\u00a0\u00bbfa-lg\u00a0\u00bb icon_animation_hover=\u00a0\u00bbno\u00a0\u00bb icon_position=\u00a0\u00bbleft\u00a0\u00bb icon_margin=\u00a0\u00bb-20px 0 0 0&Prime; separator=\u00a0\u00bbno\u00a0\u00bb title=\u00a0\u00bbEfficace\u00a0\u00bb title_tag=\u00a0\u00bbh5&Prime; text=\u00a0\u00bbL\u2019orth\u00e8se Cryos guide le pied dans le mouvement appropri\u00e9 sans le bloquer.\u00a0\u00bb title_color=\u00a0\u00bb#000000&Prime; text_color=\u00a0\u00bb#000000&Prime; custom_icon_size=\u00a0\u00bb35&Prime; text_left_padding=\u00a0\u00bb70&Prime; icon_color=\u00a0\u00bb#4a0b50&Prime;][\/vc_column][vc_column width=\u00a0\u00bb1\/3&Prime;][vc_separator type=\u00a0\u00bbtransparent\u00a0\u00bb up=\u00a0\u00bb21&Prime; up_style=\u00a0\u00bbpx\u00a0\u00bb down=\u00a0\u00bb0&Prime; down_style=\u00a0\u00bbpx\u00a0\u00bb][no_icon_text box_type=\u00a0\u00bbnormal\u00a0\u00bb icon_pack=\u00a0\u00bbsimple_line_icons\u00a0\u00bb simple_line_icons=\u00a0\u00bbicon-flag\u00a0\u00bb icon_type=\u00a0\u00bbnormal\u00a0\u00bb icon_size=\u00a0\u00bbfa-lg\u00a0\u00bb icon_animation_hover=\u00a0\u00bbno\u00a0\u00bb icon_position=\u00a0\u00bbleft\u00a0\u00bb icon_margin=\u00a0\u00bb-20px 0 0 0&Prime; separator=\u00a0\u00bbno\u00a0\u00bb title=\u00a0\u00bbR\u00e9sistante\u00a0\u00bb title_tag=\u00a0\u00bbh5&Prime; text=\u00a0\u00bbLe plastique utilis\u00e9 pour l\u2019orth\u00e8se est particuli\u00e8rement durable.\u00a0\u00bb title_color=\u00a0\u00bb#000000&Prime; text_color=\u00a0\u00bb#000000&Prime; custom_icon_size=\u00a0\u00bb35&Prime; text_left_padding=\u00a0\u00bb70&Prime; icon_color=\u00a0\u00bb#4a0b50&Prime;][\/vc_column][vc_column width=\u00a0\u00bb1\/3&Prime;][vc_separator type=\u00a0\u00bbtransparent\u00a0\u00bb up=\u00a0\u00bb21&Prime; up_style=\u00a0\u00bbpx\u00a0\u00bb down=\u00a0\u00bb0&Prime; down_style=\u00a0\u00bbpx\u00a0\u00bb][no_icon_text box_type=\u00a0\u00bbnormal\u00a0\u00bb icon_pack=\u00a0\u00bbsimple_line_icons\u00a0\u00bb simple_line_icons=\u00a0\u00bbicon-flag\u00a0\u00bb icon_type=\u00a0\u00bbnormal\u00a0\u00bb icon_size=\u00a0\u00bbfa-lg\u00a0\u00bb icon_animation_hover=\u00a0\u00bbno\u00a0\u00bb icon_position=\u00a0\u00bbleft\u00a0\u00bb icon_margin=\u00a0\u00bb-20px 0 0 0&Prime; separator=\u00a0\u00bbno\u00a0\u00bb title=\u00a0\u00bbPerformante\u00a0\u00bb title_tag=\u00a0\u00bbh5&Prime; text=\u00a0\u00bbLa conception unique de l\u2019orth\u00e8se offre des propri\u00e9t\u00e9s correctives exceptionnelles.\u00a0\u00bb title_color=\u00a0\u00bb#000000&Prime; text_color=\u00a0\u00bb#000000&Prime; custom_icon_size=\u00a0\u00bb35&Prime; text_left_padding=\u00a0\u00bb70&Prime; icon_color=\u00a0\u00bb#4a0b50&Prime;][\/vc_column][\/vc_row][vc_row row_type=\u00a0\u00bbrow\u00a0\u00bb use_row_as_full_screen_section=\u00a0\u00bbno\u00a0\u00bb type=\u00a0\u00bbgrid\u00a0\u00bb text_align=\u00a0\u00bbleft\u00a0\u00bb background_color=\u00a0\u00bb#f7f7f7&Prime; padding_top=\u00a0\u00bb50&Prime; box_shadow_on_row=\u00a0\u00bbno\u00a0\u00bb][vc_column width=\u00a0\u00bb1\/3&Prime;][vc_separator type=\u00a0\u00bbtransparent\u00a0\u00bb up=\u00a0\u00bb21&Prime; up_style=\u00a0\u00bbpx\u00a0\u00bb down=\u00a0\u00bb0&Prime; down_style=\u00a0\u00bbpx\u00a0\u00bb][no_icon_text box_type=\u00a0\u00bbnormal\u00a0\u00bb icon_pack=\u00a0\u00bbsimple_line_icons\u00a0\u00bb simple_line_icons=\u00a0\u00bbicon-flag\u00a0\u00bb icon_type=\u00a0\u00bbnormal\u00a0\u00bb icon_size=\u00a0\u00bbfa-lg\u00a0\u00bb icon_animation_hover=\u00a0\u00bbno\u00a0\u00bb icon_position=\u00a0\u00bbleft\u00a0\u00bb icon_margin=\u00a0\u00bb-20px 0 0 0&Prime; separator=\u00a0\u00bbno\u00a0\u00bb title=\u00a0\u00bbConfortable\u00a0\u00bb title_tag=\u00a0\u00bbh5&Prime; text=\u00a0\u00bbChaque orth\u00e8se Cryos est unique et adapt\u00e9e aux besoins sp\u00e9cifiques du patient.\u00a0\u00bb title_color=\u00a0\u00bb#000000&Prime; text_color=\u00a0\u00bb#000000&Prime; custom_icon_size=\u00a0\u00bb35&Prime; text_left_padding=\u00a0\u00bb70&Prime; icon_color=\u00a0\u00bb#4a0b50&Prime;][vc_separator type=\u00a0\u00bbtransparent\u00a0\u00bb up=\u00a0\u00bb21&Prime; up_style=\u00a0\u00bbpx\u00a0\u00bb down=\u00a0\u00bb0&Prime; down_style=\u00a0\u00bbpx\u00a0\u00bb][\/vc_column][vc_column width=\u00a0\u00bb1\/3&Prime;][vc_separator type=\u00a0\u00bbtransparent\u00a0\u00bb up=\u00a0\u00bb21&Prime; up_style=\u00a0\u00bbpx\u00a0\u00bb down=\u00a0\u00bb0&Prime; down_style=\u00a0\u00bbpx\u00a0\u00bb][no_icon_text box_type=\u00a0\u00bbnormal\u00a0\u00bb icon_pack=\u00a0\u00bbsimple_line_icons\u00a0\u00bb simple_line_icons=\u00a0\u00bbicon-flag\u00a0\u00bb icon_type=\u00a0\u00bbnormal\u00a0\u00bb icon_size=\u00a0\u00bbfa-lg\u00a0\u00bb icon_animation_hover=\u00a0\u00bbno\u00a0\u00bb icon_position=\u00a0\u00bbleft\u00a0\u00bb icon_margin=\u00a0\u00bb-20px 0 0 0&Prime; separator=\u00a0\u00bbno\u00a0\u00bb title=\u00a0\u00bbPetite\u00a0\u00bb title_tag=\u00a0\u00bbh5&Prime; text=\u00a0\u00bbFacile \u00e0 porter dans tous les types de chaussures, elle vous permet de la porter plus souvent et d\u2019obtenir de meilleurs r\u00e9sultats.\u00a0\u00bb title_color=\u00a0\u00bb#000000&Prime; text_color=\u00a0\u00bb#000000&Prime; custom_icon_size=\u00a0\u00bb35&Prime; text_left_padding=\u00a0\u00bb70&Prime; icon_color=\u00a0\u00bb#4a0b50&Prime;][vc_separator type=\u00a0\u00bbtransparent\u00a0\u00bb up=\u00a0\u00bb21&Prime; up_style=\u00a0\u00bbpx\u00a0\u00bb down=\u00a0\u00bb0&Prime; down_style=\u00a0\u00bbpx\u00a0\u00bb][\/vc_column][vc_column width=\u00a0\u00bb1\/3&Prime;][vc_separator type=\u00a0\u00bbtransparent\u00a0\u00bb up=\u00a0\u00bb21&Prime; up_style=\u00a0\u00bbpx\u00a0\u00bb down=\u00a0\u00bb0&Prime; down_style=\u00a0\u00bbpx\u00a0\u00bb][no_icon_text box_type=\u00a0\u00bbnormal\u00a0\u00bb icon_pack=\u00a0\u00bbsimple_line_icons\u00a0\u00bb simple_line_icons=\u00a0\u00bbicon-flag\u00a0\u00bb icon_type=\u00a0\u00bbnormal\u00a0\u00bb icon_size=\u00a0\u00bbfa-lg\u00a0\u00bb icon_animation_hover=\u00a0\u00bbno\u00a0\u00bb icon_position=\u00a0\u00bbleft\u00a0\u00bb icon_margin=\u00a0\u00bb-20px 0 0 0&Prime; separator=\u00a0\u00bbno\u00a0\u00bb title=\u00a0\u00bbDiscr\u00e8te\u00a0\u00bb title_tag=\u00a0\u00bbh5&Prime; text=\u00a0\u00bbL\u2019orth\u00e8se Cryos est plus discr\u00e8te ; vous pouvez la porter en toute confiance.\u00a0\u00bb title_color=\u00a0\u00bb#000000&Prime; text_color=\u00a0\u00bb#000000&Prime; custom_icon_size=\u00a0\u00bb35&Prime; text_left_padding=\u00a0\u00bb70&Prime; icon_color=\u00a0\u00bb#4a0b50&Prime;][vc_separator type=\u00a0\u00bbtransparent\u00a0\u00bb up=\u00a0\u00bb21&Prime; up_style=\u00a0\u00bbpx\u00a0\u00bb down=\u00a0\u00bb0&Prime; down_style=\u00a0\u00bbpx\u00a0\u00bb][\/vc_column][\/vc_row]<\/p>\n","protected":false},"excerpt":{"rendered":"<p>[vc_row row_type=\u00a0\u00bbrow\u00a0\u00bb use_row_as_full_screen_section=\u00a0\u00bbno\u00a0\u00bb type=\u00a0\u00bbgrid\u00a0\u00bb text_align=\u00a0\u00bbleft\u00a0\u00bb padding_top=\u00a0\u00bb74&Prime; padding_bottom=\u00a0\u00bb49&Prime; box_shadow_on_row=\u00a0\u00bbno\u00a0\u00bb][vc_column css=\u00a0\u00bb.vc_custom_1453216893534{margin-bottom: -80px !important;}\u00a0\u00bb][vc_column_text] probl\u00e8mes courants [\/vc_column_text][\/vc_column][\/vc_row][vc_row row_type=\u00a0\u00bbrow\u00a0\u00bb use_row_as_full_screen_section=\u00a0\u00bbno\u00a0\u00bb type=\u00a0\u00bbgrid\u00a0\u00bb text_align=\u00a0\u00bbleft\u00a0\u00bb padding_bottom=\u00a0\u00bb20&Prime; box_shadow_on_row=\u00a0\u00bbno\u00a0\u00bb][vc_column width=\u00a0\u00bb1\/2&Prime; offset=\u00a0\u00bbvc_col-md-3&Prime;][vc_separator type=\u00a0\u00bbtransparent\u00a0\u00bb up=\u00a0\u00bb64&Prime; up_style=\u00a0\u00bbpx\u00a0\u00bb down=\u00a0\u00bb0&Prime; down_style=\u00a0\u00bbpx\u00a0\u00bb][no_icons icon_pack=\u00a0\u00bbsimple_line_icons\u00a0\u00bb simple_line_icons=\u00a0\u00bbicon-check\u00a0\u00bb fa_size=\u00a0\u00bbfa-lg\u00a0\u00bb custom_size=\u00a0\u00bb55&Prime; type=\u00a0\u00bbnormal\u00a0\u00bb icon_animation=\u00a0\u00bbeltd_icon_animation\u00a0\u00bb icon_hover_effect=\u00a0\u00bbroll_over\u00a0\u00bb icon_animation_delay=\u00a0\u00bb100&Prime; icon_color=\u00a0\u00bb#4a0b50&Prime; hover_icon_color=\u00a0\u00bb#464646&Prime;][vc_separator type=\u00a0\u00bbtransparent\u00a0\u00bb up=\u00a0\u00bb21&Prime; up_style=\u00a0\u00bbpx\u00a0\u00bb down=\u00a0\u00bb0&Prime; down_style=\u00a0\u00bbpx\u00a0\u00bb][vc_column_text] Pieds plats \/&#8230;<\/p>\n","protected":false},"author":1,"featured_media":0,"parent":0,"menu_order":0,"comment_status":"open","ping_status":"closed","template":"full_width.php","meta":{"footnotes":""},"class_list":["post-348025","page","type-page","status-publish","hentry"],"_links":{"self":[{"href":"https:\/\/podiatryvictoria.com\/fr\/wp-json\/wp\/v2\/pages\/348025","targetHints":{"allow":["GET"]}}],"collection":[{"href":"https:\/\/podiatryvictoria.com\/fr\/wp-json\/wp\/v2\/pages"}],"about":[{"href":"https:\/\/podiatryvictoria.com\/fr\/wp-json\/wp\/v2\/types\/page"}],"author":[{"embeddable":true,"href":"https:\/\/podiatryvictoria.com\/fr\/wp-json\/wp\/v2\/users\/1"}],"replies":[{"embeddable":true,"href":"https:\/\/podiatryvictoria.com\/fr\/wp-json\/wp\/v2\/comments?post=348025"}],"version-history":[{"count":16,"href":"https:\/\/podiatryvictoria.com\/fr\/wp-json\/wp\/v2\/pages\/348025\/revisions"}],"predecessor-version":[{"id":348312,"href":"https:\/\/podiatryvictoria.com\/fr\/wp-json\/wp\/v2\/pages\/348025\/revisions\/348312"}],"wp:attachment":[{"href":"https:\/\/podiatryvictoria.com\/fr\/wp-json\/wp\/v2\/media?parent=348025"}],"curies":[{"name":"wp","href":"https:\/\/api.w.org\/{rel}","templated":true}]}}