{"id":348029,"date":"2016-02-10T18:56:00","date_gmt":"2016-02-10T18:56:00","guid":{"rendered":"https:\/\/podiatryvictoria.com\/?page_id=348029&#038;lang=fr"},"modified":"2022-04-01T11:48:46","modified_gmt":"2022-04-01T11:48:46","slug":"a-propos","status":"publish","type":"page","link":"https:\/\/podiatryvictoria.com\/fr\/a-propos\/","title":{"rendered":"\u00c0 propos"},"content":{"rendered":"<p>[vc_row row_type=\u00a0\u00bbparallax\u00a0\u00bb type=\u00a0\u00bbfull_width\u00a0\u00bb text_align=\u00a0\u00bbleft\u00a0\u00bb background_image=\u00a0\u00bb347837&Prime; full_screen_section_height=\u00a0\u00bbno\u00a0\u00bb section_height=\u00a0\u00bb400&Prime;][vc_column][vc_column_text]<br \/>\n[\/vc_column_text][\/vc_column][\/vc_row][vc_row row_type=\u00a0\u00bbrow\u00a0\u00bb use_row_as_full_screen_section=\u00a0\u00bbno\u00a0\u00bb type=\u00a0\u00bbgrid\u00a0\u00bb text_align=\u00a0\u00bbleft\u00a0\u00bb box_shadow_on_row=\u00a0\u00bbno\u00a0\u00bb][vc_column][vc_separator type=\u00a0\u00bbtransparent\u00a0\u00bb up=\u00a0\u00bb-200&Prime; up_style=\u00a0\u00bbpx\u00a0\u00bb down=\u00a0\u00bb0&Prime; down_style=\u00a0\u00bbpx\u00a0\u00bb][vc_single_image image=\u00a0\u00bb348560&Prime; img_size=\u00a0\u00bbfull\u00a0\u00bb alignment=\u00a0\u00bbcenter\u00a0\u00bb][\/vc_column][\/vc_row][vc_row row_type=\u00a0\u00bbrow\u00a0\u00bb use_row_as_full_screen_section=\u00a0\u00bbno\u00a0\u00bb type=\u00a0\u00bbgrid\u00a0\u00bb text_align=\u00a0\u00bbcenter\u00a0\u00bb background_color=\u00a0\u00bb#ffffff\u00a0\u00bb padding_top=\u00a0\u00bb34&Prime; padding_bottom=\u00a0\u00bb62&Prime; box_shadow_on_row=\u00a0\u00bbno\u00a0\u00bb][vc_column][vc_text_separator title=\u00a0\u00bbPodiatre\u00a0\u00bb text_in_box=\u00a0\u00bbno\u00a0\u00bb text_position=\u00a0\u00bbcenter\u00a0\u00bb box_padding=\u00a0\u00bb16&Prime; line_color=\u00a0\u00bb#dadada\u00a0\u00bb line_width=\u00a0\u00bb43&Prime; animation=\u00a0\u00bbanimate_width\u00a0\u00bb line_thickness=\u00a0\u00bb2&Prime; line_border_style=\u00a0\u00bbsolid\u00a0\u00bb line_dots=\u00a0\u00bbno\u00a0\u00bb][vc_separator type=\u00a0\u00bbtransparent\u00a0\u00bb up=\u00a0\u00bb9&Prime; up_style=\u00a0\u00bbpx\u00a0\u00bb down=\u00a0\u00bb0&Prime; down_style=\u00a0\u00bbpx\u00a0\u00bb][vc_column_text]<\/p>\n<h2 style=\"text-align: center;\">William Constant<\/h2>\n<p>[\/vc_column_text][vc_separator type=\u00a0\u00bbtransparent\u00a0\u00bb up=\u00a0\u00bb33&Prime; up_style=\u00a0\u00bbpx\u00a0\u00bb down=\u00a0\u00bb0&Prime; down_style=\u00a0\u00bbpx\u00a0\u00bb][vc_column_text]<\/p>\n<p>Propri\u00e9taire des Cliniques Podiatriques Victoria, \u00e0 Westmount et \u00e0\u00a0<a title=\"https:\/\/piedreseau.com\/cliniques\/podiatre-orthese-val-dor\/\" contenteditable=\"false\" href=\"https:\/\/piedreseau.com\/cliniques\/podiatre-orthese-val-dor\/\" data-wpel-link=\"internal\">Val-d\u2019Or<\/a>, Dr William Constant, podiatre, est un professionnel impliqu\u00e9 au sein de plusieurs causes. Il se fait un devoir de partager son savoir-faire \u00e0 ses patients et de faire rayonner les bienfaits de la podiatrie. D\u00e9tenteur d\u2019un permis de radiologie, ce praticien est habilit\u00e9 \u00e0 trouver la cause de vos pathologies podiatriques. En soif de formations continues, ce praticien n\u2019a jamais fini de parfaire sa pratique. Et c\u2019est avec beaucoup de rigueur qu\u2019il aide ses patients \u00e0 retrouver leur qualit\u00e9 de vie.<\/p>\n<p>\u00c0 ses c\u00f4t\u00e9s, le Dr Jean-Maxime Rocheleau, podiatre, ajoute son important bagage de connaissances \u00e0 l\u2019\u00e9quipe de la Clinique Podiatrique Victoria. Bachelier en biologie m\u00e9dicale avant de se tourner vers la podiatrie, ce professionnel sait traiter un grand nombre de probl\u00e8mes dermatologiques et musculo-squelettiques du pied et de la cheville, \u00e9tant d\u00e9tenteur d&rsquo;un permis d&rsquo;\u00e9chographie diagnostic. Il s\u2019int\u00e9resse notamment \u00e0 la traumatologie et aux soins de plaies complexes. \u00c9galement tr\u00e8s engag\u00e9 dans sa profession, il compl\u00e8te \u00e0 merveille l\u2019\u00e9quipe de la Clinique Podiatrique Victoria.<\/p>\n<h4><\/h4>\n<p>[\/vc_column_text][vc_separator type=\u00a0\u00bbtransparent\u00a0\u00bb up=\u00a0\u00bb51&Prime; up_style=\u00a0\u00bbpx\u00a0\u00bb down=\u00a0\u00bb0&Prime; down_style=\u00a0\u00bbpx\u00a0\u00bb][no_icons icon_pack=\u00a0\u00bbsimple_line_icons\u00a0\u00bb simple_line_icons=\u00a0\u00bbicon-social-facebook\u00a0\u00bb fa_size=\u00a0\u00bbfa-lg\u00a0\u00bb custom_size=\u00a0\u00bb45&Prime; type=\u00a0\u00bbnormal\u00a0\u00bb icon_hover_effect=\u00a0\u00bbroll_over\u00a0\u00bb link=\u00a0\u00bbhttps:\/\/www.facebook.com\/CliniquePodiatriqueVictoria\/?fref=ts\u00a0\u00bb target=\u00a0\u00bb_blank\u00a0\u00bb icon_color=\u00a0\u00bb#464646&Prime; hover_icon_color=\u00a0\u00bb#e5735c\u00a0\u00bb][vc_separator type=\u00a0\u00bbtransparent\u00a0\u00bb up=\u00a0\u00bb14&Prime; up_style=\u00a0\u00bbpx\u00a0\u00bb down=\u00a0\u00bb0&Prime; down_style=\u00a0\u00bbpx\u00a0\u00bb][vc_column_text]<span style=\"color: #e6735c;\"><a href=\"https:\/\/www.facebook.com\/CliniquePodiatriqueVictoria\/?fref=ts\">Aimez-nous sur\u00a0Facebook<\/a><\/span>[\/vc_column_text][\/vc_column][\/vc_row]<\/p>\n","protected":false},"excerpt":{"rendered":"<p>[vc_row row_type=\u00a0\u00bbparallax\u00a0\u00bb type=\u00a0\u00bbfull_width\u00a0\u00bb text_align=\u00a0\u00bbleft\u00a0\u00bb background_image=\u00a0\u00bb347837&Prime; full_screen_section_height=\u00a0\u00bbno\u00a0\u00bb section_height=\u00a0\u00bb400&Prime;][vc_column][vc_column_text] [\/vc_column_text][\/vc_column][\/vc_row][vc_row row_type=\u00a0\u00bbrow\u00a0\u00bb use_row_as_full_screen_section=\u00a0\u00bbno\u00a0\u00bb type=\u00a0\u00bbgrid\u00a0\u00bb text_align=\u00a0\u00bbleft\u00a0\u00bb box_shadow_on_row=\u00a0\u00bbno\u00a0\u00bb][vc_column][vc_separator type=\u00a0\u00bbtransparent\u00a0\u00bb up=\u00a0\u00bb-200&Prime; up_style=\u00a0\u00bbpx\u00a0\u00bb down=\u00a0\u00bb0&Prime; down_style=\u00a0\u00bbpx\u00a0\u00bb][vc_single_image image=\u00a0\u00bb348560&Prime; img_size=\u00a0\u00bbfull\u00a0\u00bb alignment=\u00a0\u00bbcenter\u00a0\u00bb][\/vc_column][\/vc_row][vc_row row_type=\u00a0\u00bbrow\u00a0\u00bb use_row_as_full_screen_section=\u00a0\u00bbno\u00a0\u00bb type=\u00a0\u00bbgrid\u00a0\u00bb text_align=\u00a0\u00bbcenter\u00a0\u00bb background_color=\u00a0\u00bb#ffffff\u00a0\u00bb padding_top=\u00a0\u00bb34&Prime; padding_bottom=\u00a0\u00bb62&Prime; box_shadow_on_row=\u00a0\u00bbno\u00a0\u00bb][vc_column][vc_text_separator title=\u00a0\u00bbPodiatre\u00a0\u00bb text_in_box=\u00a0\u00bbno\u00a0\u00bb text_position=\u00a0\u00bbcenter\u00a0\u00bb box_padding=\u00a0\u00bb16&Prime; line_color=\u00a0\u00bb#dadada\u00a0\u00bb line_width=\u00a0\u00bb43&Prime; animation=\u00a0\u00bbanimate_width\u00a0\u00bb line_thickness=\u00a0\u00bb2&Prime; line_border_style=\u00a0\u00bbsolid\u00a0\u00bb line_dots=\u00a0\u00bbno\u00a0\u00bb][vc_separator type=\u00a0\u00bbtransparent\u00a0\u00bb up=\u00a0\u00bb9&Prime; up_style=\u00a0\u00bbpx\u00a0\u00bb down=\u00a0\u00bb0&Prime; down_style=\u00a0\u00bbpx\u00a0\u00bb][vc_column_text] William&#8230;<\/p>\n","protected":false},"author":1,"featured_media":0,"parent":0,"menu_order":0,"comment_status":"open","ping_status":"closed","template":"full_width.php","meta":{"footnotes":""},"class_list":["post-348029","page","type-page","status-publish","hentry"],"_links":{"self":[{"href":"https:\/\/podiatryvictoria.com\/fr\/wp-json\/wp\/v2\/pages\/348029","targetHints":{"allow":["GET"]}}],"collection":[{"href":"https:\/\/podiatryvictoria.com\/fr\/wp-json\/wp\/v2\/pages"}],"about":[{"href":"https:\/\/podiatryvictoria.com\/fr\/wp-json\/wp\/v2\/types\/page"}],"author":[{"embeddable":true,"href":"https:\/\/podiatryvictoria.com\/fr\/wp-json\/wp\/v2\/users\/1"}],"replies":[{"embeddable":true,"href":"https:\/\/podiatryvictoria.com\/fr\/wp-json\/wp\/v2\/comments?post=348029"}],"version-history":[{"count":13,"href":"https:\/\/podiatryvictoria.com\/fr\/wp-json\/wp\/v2\/pages\/348029\/revisions"}],"predecessor-version":[{"id":348570,"href":"https:\/\/podiatryvictoria.com\/fr\/wp-json\/wp\/v2\/pages\/348029\/revisions\/348570"}],"wp:attachment":[{"href":"https:\/\/podiatryvictoria.com\/fr\/wp-json\/wp\/v2\/media?parent=348029"}],"curies":[{"name":"wp","href":"https:\/\/api.w.org\/{rel}","templated":true}]}}