{"id":348033,"date":"2016-02-10T19:52:52","date_gmt":"2016-02-10T19:52:52","guid":{"rendered":"https:\/\/podiatryvictoria.com\/?page_id=348033&#038;lang=fr"},"modified":"2016-06-30T13:40:13","modified_gmt":"2016-06-30T13:40:13","slug":"agency-home","status":"publish","type":"page","link":"https:\/\/podiatryvictoria.com\/fr\/","title":{"rendered":"Accueil"},"content":{"rendered":"<p>[vc_row row_type=\u00a0\u00bbrow\u00a0\u00bb use_row_as_full_screen_section=\u00a0\u00bbno\u00a0\u00bb type=\u00a0\u00bbgrid\u00a0\u00bb text_align=\u00a0\u00bbcenter\u00a0\u00bb background_color=\u00a0\u00bb#f7f7f7&Prime; padding_top=\u00a0\u00bb75&Prime; padding_bottom=\u00a0\u00bb90&Prime; box_shadow_on_row=\u00a0\u00bbno\u00a0\u00bb][vc_column][vc_text_separator title=\u00a0\u00bbVoici \u00a0\u00bb text_in_box=\u00a0\u00bbno\u00a0\u00bb text_position=\u00a0\u00bbcenter\u00a0\u00bb box_height=\u00a0\u00bb40&Prime; box_padding=\u00a0\u00bb16&Prime; line_color=\u00a0\u00bb#dadada\u00a0\u00bb line_width=\u00a0\u00bb43&Prime; animation=\u00a0\u00bbanimate_width\u00a0\u00bb line_thickness=\u00a0\u00bb2&Prime; line_border_style=\u00a0\u00bbsolid\u00a0\u00bb down=\u00a0\u00bb15&Prime; line_dots=\u00a0\u00bbno\u00a0\u00bb title_color=\u00a0\u00bb#4a0b50&Prime;][vc_column_text]<\/p>\n<h2>Nos\u00a0services<\/h2>\n<p>[\/vc_column_text][vc_separator type=\u00a0\u00bbtransparent\u00a0\u00bb up=\u00a0\u00bb14&Prime; up_style=\u00a0\u00bbpx\u00a0\u00bb down=\u00a0\u00bb0&Prime; down_style=\u00a0\u00bbpx\u00a0\u00bb][vc_separator type=\u00a0\u00bbtransparent\u00a0\u00bb up=\u00a0\u00bb33&Prime; up_style=\u00a0\u00bbpx\u00a0\u00bb down=\u00a0\u00bb0&Prime; down_style=\u00a0\u00bbpx\u00a0\u00bb][no_circles columns=\u00a0\u00bbfour_columns\u00a0\u00bb lines_between=\u00a0\u00bbyes\u00a0\u00bb line_color=\u00a0\u00bb#c7c7c7&Prime; process_height=\u00a0\u00bb203&Prime; process_width=\u00a0\u00bb203&Prime;][no_circle type=\u00a0\u00bbimage_with_text_type\u00a0\u00bb font_weight=\u00a0\u00bb400&Prime; text_in_circle_hover_tag=\u00a0\u00bbh5&Prime; title_tag=\u00a0\u00bbh3&Prime; title_alignment=\u00a0\u00bbtitle_center\u00a0\u00bb text_alignment=\u00a0\u00bbtext_center\u00a0\u00bb show_separator=\u00a0\u00bbyes\u00a0\u00bb border_color=\u00a0\u00bb#dadada\u00a0\u00bb border_width=\u00a0\u00bb2&Prime; title=\u00a0\u00bbOrth\u00e8ses\u00a0\u00bb text=\u00a0\u00bbLes orth\u00e8ses plantaires Cryos, fabriqu\u00e9es au Qu\u00e9bec, sont con\u00e7ues pour vous aider \u00e0 atteindre votre plein potentiel. \u00a0\u00bb title_margin_top=\u00a0\u00bb28&Prime; text_in_circle=\u00a0\u00bb1&Prime; font_size=\u00a0\u00bb60&Prime; text_in_circle_color=\u00a0\u00bb#ffffff\u00a0\u00bb image=\u00a0\u00bb347843&Prime; background_color=\u00a0\u00bb#f7f7f7&Prime; background_transparency=\u00a0\u00bb1&Prime; font_family=\u00a0\u00bbMontserrat\u00a0\u00bb separator_margin_top=\u00a0\u00bb15&Prime; separator_margin_bottom=\u00a0\u00bb17&Prime; text_in_circle_hover=\u00a0\u00bbOrth\u00e8ses\u00a0\u00bb text_in_circle_hover_color=\u00a0\u00bb#ffffff\u00a0\u00bb circle_hover_color=\u00a0\u00bb#4a0b50&Prime; circle_hover_border_color=\u00a0\u00bb#4a0b50&Prime; link=\u00a0\u00bbhttps:\/\/podiatryvictoria.com\/\/ortheses\/?lang=fr\u00a0\u00bb][no_circle type=\u00a0\u00bbimage_with_text_type\u00a0\u00bb font_weight=\u00a0\u00bb400&Prime; text_in_circle_hover_tag=\u00a0\u00bbh5&Prime; title_tag=\u00a0\u00bbh3&Prime; title_alignment=\u00a0\u00bbtitle_center\u00a0\u00bb text_alignment=\u00a0\u00bbtext_center\u00a0\u00bb show_separator=\u00a0\u00bbyes\u00a0\u00bb border_color=\u00a0\u00bb#dadada\u00a0\u00bb border_width=\u00a0\u00bb2&Prime; title=\u00a0\u00bbVerrues\u00a0\u00bb text=\u00a0\u00bbPour se d\u00e9partir des verrues plantaires, utilisez les services d&rsquo;un podiatre.\u00a0\u00bb title_margin_top=\u00a0\u00bb28&Prime; image=\u00a0\u00bb347840&Prime; text_in_circle=\u00a0\u00bb2&Prime; font_size=\u00a0\u00bb60&Prime; text_in_circle_color=\u00a0\u00bb#ffffff\u00a0\u00bb background_color=\u00a0\u00bb#f7f7f7&Prime; background_transparency=\u00a0\u00bb1&Prime; font_family=\u00a0\u00bbMontserrat\u00a0\u00bb separator_margin_top=\u00a0\u00bb15&Prime; separator_margin_bottom=\u00a0\u00bb17&Prime; text_in_circle_hover=\u00a0\u00bbVerrues\u00a0\u00bb text_in_circle_hover_color=\u00a0\u00bb#ffffff\u00a0\u00bb circle_hover_color=\u00a0\u00bb#4a0b50&Prime; circle_hover_border_color=\u00a0\u00bb#4a0b50&Prime; link=\u00a0\u00bbhttps:\/\/podiatryvictoria.com\/\/verrues-plantaires\/?lang=fr\u00a0\u00bb][no_circle type=\u00a0\u00bbimage_with_text_type\u00a0\u00bb font_weight=\u00a0\u00bb400&Prime; text_in_circle_hover_tag=\u00a0\u00bbh5&Prime; title_tag=\u00a0\u00bbh3&Prime; title_alignment=\u00a0\u00bbtitle_center\u00a0\u00bb show_separator=\u00a0\u00bbyes\u00a0\u00bb border_color=\u00a0\u00bb#dadada\u00a0\u00bb border_width=\u00a0\u00bb2&Prime; title=\u00a0\u00bbPieds diab\u00e9tiques\u00a0\u00bb text=\u00a0\u00bbLes personnes atteintes de diab\u00e8te doivent faire particuli\u00e8rement attention \u00e0 leurs pieds.\u00a0\u00bb title_margin_top=\u00a0\u00bb28&Prime; image=\u00a0\u00bb347841&Prime; text_in_circle=\u00a0\u00bb3&Prime; font_size=\u00a0\u00bb60&Prime; text_in_circle_color=\u00a0\u00bb#ffffff\u00a0\u00bb background_color=\u00a0\u00bb#f7f7f7&Prime; background_transparency=\u00a0\u00bb1&Prime; font_family=\u00a0\u00bbMontserrat\u00a0\u00bb separator_margin_top=\u00a0\u00bb15&Prime; separator_margin_bottom=\u00a0\u00bb17&Prime; text_in_circle_hover=\u00a0\u00bbPieds diab\u00e9tiques\u00a0\u00bb text_in_circle_hover_color=\u00a0\u00bb#ffffff\u00a0\u00bb circle_hover_color=\u00a0\u00bb#4a0b50&Prime; circle_hover_border_color=\u00a0\u00bb#4a0b50&Prime; link=\u00a0\u00bbhttps:\/\/podiatryvictoria.com\/\/pieds-diabetiques\/?lang=fr\u00a0\u00bb][no_circle type=\u00a0\u00bbimage_with_text_type\u00a0\u00bb font_weight=\u00a0\u00bb400&Prime; text_in_circle_hover_tag=\u00a0\u00bbh5&Prime; title_tag=\u00a0\u00bbh3&Prime; title_alignment=\u00a0\u00bbtitle_center\u00a0\u00bb text_alignment=\u00a0\u00bbtext_center\u00a0\u00bb show_separator=\u00a0\u00bbyes\u00a0\u00bb border_width=\u00a0\u00bb2&Prime; title=\u00a0\u00bbTraitement laser\u00a0\u00bb text=\u00a0\u00bbAvant tout traitement, il est important de faire \u00e9valuer l\u2019ongle par le podiatre, car plusieurs autres probl\u00e8mes d\u2019ongles peuvent ressembler \u00e0 l\u2019onychomycose. \u00a0\u00bb border_color=\u00a0\u00bb#dadada\u00a0\u00bb title_margin_top=\u00a0\u00bb28&Prime; image=\u00a0\u00bb347839&Prime; text_in_circle=\u00a0\u00bb4&Prime; font_size=\u00a0\u00bb60&Prime; text_in_circle_color=\u00a0\u00bb#ffffff\u00a0\u00bb background_color=\u00a0\u00bb#f7f7f7&Prime; background_transparency=\u00a0\u00bb1&Prime; font_family=\u00a0\u00bbMontserrat\u00a0\u00bb separator_margin_top=\u00a0\u00bb15&Prime; separator_margin_bottom=\u00a0\u00bb17&Prime; text_in_circle_hover=\u00a0\u00bbTraitement laser\u00a0\u00bb text_in_circle_hover_color=\u00a0\u00bb#ffffff\u00a0\u00bb circle_hover_color=\u00a0\u00bb#4a0b50&Prime; circle_hover_border_color=\u00a0\u00bb#4a0b50&Prime; link=\u00a0\u00bbhttps:\/\/podiatryvictoria.com\/\/traitement-laser\/?lang=fr\u00a0\u00bb][\/no_circles][\/vc_column][\/vc_row][vc_row row_type=\u00a0\u00bbrow\u00a0\u00bb use_row_as_full_screen_section=\u00a0\u00bbno\u00a0\u00bb type=\u00a0\u00bbgrid\u00a0\u00bb text_align=\u00a0\u00bbcenter\u00a0\u00bb background_color=\u00a0\u00bb#f7f7f7&Prime; padding_top=\u00a0\u00bb75&Prime; padding_bottom=\u00a0\u00bb90&Prime; box_shadow_on_row=\u00a0\u00bbno\u00a0\u00bb][vc_column css=\u00a0\u00bb.vc_custom_1456245561279{margin-top: -20px !important;}\u00a0\u00bb][no_circles columns=\u00a0\u00bbthree_columns\u00a0\u00bb lines_between=\u00a0\u00bbyes\u00a0\u00bb line_color=\u00a0\u00bb#c7c7c7&Prime; process_height=\u00a0\u00bb203&Prime; process_width=\u00a0\u00bb203&Prime;][no_circle type=\u00a0\u00bbimage_with_text_type\u00a0\u00bb font_weight=\u00a0\u00bb400&Prime; text_in_circle_hover_tag=\u00a0\u00bbh5&Prime; title_tag=\u00a0\u00bbh3&Prime; title_alignment=\u00a0\u00bbtitle_center\u00a0\u00bb text_alignment=\u00a0\u00bbtext_center\u00a0\u00bb show_separator=\u00a0\u00bbyes\u00a0\u00bb border_color=\u00a0\u00bb#dadada\u00a0\u00bb border_width=\u00a0\u00bb2&Prime; title=\u00a0\u00bbOngles incarn\u00e9s\u00a0\u00bb text=\u00a0\u00bbLes ongles incarn\u00e9s sont des ongles probl\u00e9matiques venant heurter la peau et parfois la p\u00e9n\u00e9trer, causant douleur et parfois infections locales.\u00a0\u00bb title_margin_top=\u00a0\u00bb28&Prime; text_in_circle=\u00a0\u00bb5&Prime; font_size=\u00a0\u00bb60&Prime; text_in_circle_color=\u00a0\u00bb#ffffff\u00a0\u00bb image=\u00a0\u00bb348089&Prime; background_color=\u00a0\u00bb#f7f7f7&Prime; background_transparency=\u00a0\u00bb1&Prime; font_family=\u00a0\u00bbMontserrat\u00a0\u00bb separator_margin_top=\u00a0\u00bb15&Prime; separator_margin_bottom=\u00a0\u00bb17&Prime; text_in_circle_hover=\u00a0\u00bbOngles incarn\u00e9s\u00a0\u00bb text_in_circle_hover_color=\u00a0\u00bb#ffffff\u00a0\u00bb circle_hover_color=\u00a0\u00bb#4a0b50&Prime; circle_hover_border_color=\u00a0\u00bb#4a0b50&Prime; link=\u00a0\u00bbhttps:\/\/podiatryvictoria.com\/\/ongles-incarnes\/?lang=fr\u00a0\u00bb][no_circle type=\u00a0\u00bbimage_with_text_type\u00a0\u00bb font_weight=\u00a0\u00bb400&Prime; text_in_circle_hover_tag=\u00a0\u00bbh5&Prime; title_tag=\u00a0\u00bbh3&Prime; title_alignment=\u00a0\u00bbtitle_center\u00a0\u00bb text_alignment=\u00a0\u00bbtext_center\u00a0\u00bb show_separator=\u00a0\u00bbyes\u00a0\u00bb border_color=\u00a0\u00bb#dadada\u00a0\u00bb border_width=\u00a0\u00bb2&Prime; title=\u00a0\u00bbEnfants\u00a0\u00bb text=\u00a0\u00bbIl est important de consulter un professionnel lorsque vous soup\u00e7onnez un probl\u00e8me au niveau des pieds de votre enfant.\u00a0\u00bb title_margin_top=\u00a0\u00bb28&Prime; image=\u00a0\u00bb348087&Prime; text_in_circle=\u00a0\u00bb6&Prime; font_size=\u00a0\u00bb60&Prime; text_in_circle_color=\u00a0\u00bb#ffffff\u00a0\u00bb background_color=\u00a0\u00bb#f7f7f7&Prime; background_transparency=\u00a0\u00bb1&Prime; font_family=\u00a0\u00bbMontserrat\u00a0\u00bb separator_margin_top=\u00a0\u00bb15&Prime; separator_margin_bottom=\u00a0\u00bb17&Prime; text_in_circle_hover=\u00a0\u00bbEnfants\u00a0\u00bb text_in_circle_hover_color=\u00a0\u00bb#ffffff\u00a0\u00bb circle_hover_color=\u00a0\u00bb#4a0b50&Prime; circle_hover_border_color=\u00a0\u00bb#4a0b50&Prime; link=\u00a0\u00bbhttps:\/\/podiatryvictoria.com\/\/podiatry-for-children\/?lang=fr\u00a0\u00bb][no_circle type=\u00a0\u00bbimage_with_text_type\u00a0\u00bb font_weight=\u00a0\u00bb400&Prime; text_in_circle_hover_tag=\u00a0\u00bbh5&Prime; title_tag=\u00a0\u00bbh3&Prime; title_alignment=\u00a0\u00bbtitle_center\u00a0\u00bb show_separator=\u00a0\u00bbyes\u00a0\u00bb border_color=\u00a0\u00bb#dadada\u00a0\u00bb border_width=\u00a0\u00bb2&Prime; title=\u00a0\u00bbSoins des pieds\u00a0\u00bb text=\u00a0\u00bbLes soins de pieds comprennent le traitement de l\u2019onychomycose, le traitement des callosit\u00e9s, des fissures au talon ainsi que le traitement des ongles en pince et des ongles incarn\u00e9s.\u00a0\u00bb title_margin_top=\u00a0\u00bb28&Prime; image=\u00a0\u00bb348090&Prime; text_in_circle=\u00a0\u00bb7&Prime; font_size=\u00a0\u00bb60&Prime; text_in_circle_color=\u00a0\u00bb#ffffff\u00a0\u00bb background_color=\u00a0\u00bb#f7f7f7&Prime; background_transparency=\u00a0\u00bb1&Prime; font_family=\u00a0\u00bbMontserrat\u00a0\u00bb separator_margin_top=\u00a0\u00bb15&Prime; separator_margin_bottom=\u00a0\u00bb17&Prime; text_in_circle_hover=\u00a0\u00bbSoins des pieds\u00a0\u00bb text_in_circle_hover_color=\u00a0\u00bb#ffffff\u00a0\u00bb circle_hover_color=\u00a0\u00bb#4a0b50&Prime; circle_hover_border_color=\u00a0\u00bb#4a0b50&Prime; link=\u00a0\u00bbhttps:\/\/podiatryvictoria.com\/\/soins-des-pieds\/?lang=fr\u00a0\u00bb][\/no_circles][\/vc_column][\/vc_row]<\/p>\n","protected":false},"excerpt":{"rendered":"<p>[vc_row row_type=\u00a0\u00bbrow\u00a0\u00bb use_row_as_full_screen_section=\u00a0\u00bbno\u00a0\u00bb type=\u00a0\u00bbgrid\u00a0\u00bb text_align=\u00a0\u00bbcenter\u00a0\u00bb background_color=\u00a0\u00bb#f7f7f7&Prime; padding_top=\u00a0\u00bb75&Prime; padding_bottom=\u00a0\u00bb90&Prime; box_shadow_on_row=\u00a0\u00bbno\u00a0\u00bb][vc_column][vc_text_separator title=\u00a0\u00bbVoici \u00a0\u00bb text_in_box=\u00a0\u00bbno\u00a0\u00bb text_position=\u00a0\u00bbcenter\u00a0\u00bb box_height=\u00a0\u00bb40&Prime; box_padding=\u00a0\u00bb16&Prime; line_color=\u00a0\u00bb#dadada\u00a0\u00bb line_width=\u00a0\u00bb43&Prime; animation=\u00a0\u00bbanimate_width\u00a0\u00bb line_thickness=\u00a0\u00bb2&Prime; line_border_style=\u00a0\u00bbsolid\u00a0\u00bb down=\u00a0\u00bb15&Prime; line_dots=\u00a0\u00bbno\u00a0\u00bb title_color=\u00a0\u00bb#4a0b50&Prime;][vc_column_text] Nos\u00a0services [\/vc_column_text][vc_separator type=\u00a0\u00bbtransparent\u00a0\u00bb up=\u00a0\u00bb14&Prime; up_style=\u00a0\u00bbpx\u00a0\u00bb down=\u00a0\u00bb0&Prime; down_style=\u00a0\u00bbpx\u00a0\u00bb][vc_separator type=\u00a0\u00bbtransparent\u00a0\u00bb up=\u00a0\u00bb33&Prime; up_style=\u00a0\u00bbpx\u00a0\u00bb down=\u00a0\u00bb0&Prime; down_style=\u00a0\u00bbpx\u00a0\u00bb][no_circles columns=\u00a0\u00bbfour_columns\u00a0\u00bb lines_between=\u00a0\u00bbyes\u00a0\u00bb line_color=\u00a0\u00bb#c7c7c7&Prime; process_height=\u00a0\u00bb203&Prime; process_width=\u00a0\u00bb203&Prime;][no_circle type=\u00a0\u00bbimage_with_text_type\u00a0\u00bb font_weight=\u00a0\u00bb400&Prime; text_in_circle_hover_tag=\u00a0\u00bbh5&Prime; title_tag=\u00a0\u00bbh3&Prime; title_alignment=\u00a0\u00bbtitle_center\u00a0\u00bb&#8230;<\/p>\n","protected":false},"author":1,"featured_media":0,"parent":0,"menu_order":0,"comment_status":"open","ping_status":"closed","template":"full_width.php","meta":{"footnotes":""},"class_list":["post-348033","page","type-page","status-publish","hentry"],"_links":{"self":[{"href":"https:\/\/podiatryvictoria.com\/fr\/wp-json\/wp\/v2\/pages\/348033","targetHints":{"allow":["GET"]}}],"collection":[{"href":"https:\/\/podiatryvictoria.com\/fr\/wp-json\/wp\/v2\/pages"}],"about":[{"href":"https:\/\/podiatryvictoria.com\/fr\/wp-json\/wp\/v2\/types\/page"}],"author":[{"embeddable":true,"href":"https:\/\/podiatryvictoria.com\/fr\/wp-json\/wp\/v2\/users\/1"}],"replies":[{"embeddable":true,"href":"https:\/\/podiatryvictoria.com\/fr\/wp-json\/wp\/v2\/comments?post=348033"}],"version-history":[{"count":12,"href":"https:\/\/podiatryvictoria.com\/fr\/wp-json\/wp\/v2\/pages\/348033\/revisions"}],"predecessor-version":[{"id":348245,"href":"https:\/\/podiatryvictoria.com\/fr\/wp-json\/wp\/v2\/pages\/348033\/revisions\/348245"}],"wp:attachment":[{"href":"https:\/\/podiatryvictoria.com\/fr\/wp-json\/wp\/v2\/media?parent=348033"}],"curies":[{"name":"wp","href":"https:\/\/api.w.org\/{rel}","templated":true}]}}