{"id":348119,"date":"2015-07-29T14:08:23","date_gmt":"2015-07-29T14:08:23","guid":{"rendered":"https:\/\/podiatryvictoria.com\/faq\/?lang=fr"},"modified":"2016-07-18T16:47:48","modified_gmt":"2016-07-18T16:47:48","slug":"faq","status":"publish","type":"page","link":"https:\/\/podiatryvictoria.com\/fr\/faq\/","title":{"rendered":"FAQ"},"content":{"rendered":"<p>[vc_row row_type=\u00a0\u00bbrow\u00a0\u00bb use_row_as_full_screen_section=\u00a0\u00bbno\u00a0\u00bb type=\u00a0\u00bbfull_width\u00a0\u00bb text_align=\u00a0\u00bbleft\u00a0\u00bb box_shadow_on_row=\u00a0\u00bbno\u00a0\u00bb][vc_column width=\u00a0\u00bb1\/6&Prime;][\/vc_column][vc_column width=\u00a0\u00bb2\/3&Prime; css=\u00a0\u00bb.vc_custom_1457035882559{margin-top: 60px !important;margin-bottom: 40px !important;}\u00a0\u00bb][no_accordion active_tab=\u00a0\u00bb1&Prime; background_transparency=\u00a0\u00bbno\u00a0\u00bb style=\u00a0\u00bbboxed_accordion\u00a0\u00bb][no_accordion_section title=\u00a0\u00bbQu\u2019est-ce qu\u2019un podiatre?\u00a0\u00bb accordion_type=\u00a0\u00bbaccordion_icon\u00a0\u00bb icon_pack=\u00a0\u00bbsimple_line_icons\u00a0\u00bb simple_line_icons=\u00a0\u00bbicon-anchor\u00a0\u00bb][vc_column_text]Le podiatre est un professionnel de la sant\u00e9 r\u00e9gi par le Code des professions du Qu\u00e9bec, la Loi sur la podiatrie et le Code de d\u00e9ontologie des podiatres. Il \u00e9value et traite les affections et maladies du pied qui ne sont pas des maladies du syst\u00e8me par des moyens m\u00e9dicaux, chimiques, pharmaceutiques, chirurgicaux, m\u00e9caniques ou des manipulations.<\/p>\n<p>Le podiatre poss\u00e8de l\u2019expertise et les comp\u00e9tences n\u00e9cessaires pour d\u00e9celer toute complication relative au pied et faire la distinction entre une pathologie podiatrique, qu\u2019il peut traiter, et une maladie du syst\u00e8me, qui rel\u00e8ve plut\u00f4t de la comp\u00e9tence du m\u00e9decin.<\/p>\n<p>En plus d\u2019offrir des conseils sur la sant\u00e9 et l\u2019hygi\u00e8ne des pieds, le podiatre peut prescrire et administrer certains m\u00e9dicaments, ex\u00e9cuter des chirurgies mineures et prescrire, fabriquer ou modifier des orth\u00e8ses podiatriques.<\/p>\n<p>Source : Ordre des podiatres du Qu\u00e9bec[\/vc_column_text][\/no_accordion_section][no_accordion_section title=\u00a0\u00bbEst-ce que les frais de podiatrie sont couverts par la RAMQ?\u00a0\u00bb accordion_type=\u00a0\u00bbaccordion_icon\u00a0\u00bb icon_pack=\u00a0\u00bbsimple_line_icons\u00a0\u00bb simple_line_icons=\u00a0\u00bbicon-user\u00a0\u00bb][vc_column_text]Non, les podiatres \u0153uvrent dans le domaine priv\u00e9 et les frais ne sont pas couverts.[\/vc_column_text][\/no_accordion_section][no_accordion_section title=\u00a0\u00bbLes assurances priv\u00e9es couvrent-elles les frais podiatriques?\u00a0\u00bb accordion_type=\u00a0\u00bbaccordion_icon\u00a0\u00bb icon_pack=\u00a0\u00bbsimple_line_icons\u00a0\u00bb simple_line_icons=\u00a0\u00bbicon-cup\u00a0\u00bb][vc_column_text]La plupart des soins sont couverts en partie par un grand nombre d\u2019assureurs. Par contre, nous vous recommandons de toujours valider aupr\u00e8s de votre compagnie d\u2019assurances.[\/vc_column_text][\/no_accordion_section][no_accordion_section title=\u00a0\u00bbQuand et pourquoi devrais-je consulter un podiatre?\u00a0\u00bb accordion_type=\u00a0\u00bbaccordion_icon\u00a0\u00bb icon_pack=\u00a0\u00bbsimple_line_icons\u00a0\u00bb simple_line_icons=\u00a0\u00bbicon-rocket\u00a0\u00bb title_color=\u00a0\u00bb#000000&Prime;][vc_column_text]Vous souffrez de douleurs aux pieds, aux genoux ou au bas du dos? Nous vous sugg\u00e9rons de consulter un podiatre afin de d\u00e9terminer si vos pieds peuvent en \u00eatre la cause. Le podiatre proc\u00e9dera \u00e0 une \u00e9valuation biom\u00e9canique et d\u00e9terminera le meilleur plan de traitement. Il peut \u00e9galement traiter les ongles incarn\u00e9s, les verrues plantaires, les champignons d\u2019ongles, les cors et les callosit\u00e9s.[\/vc_column_text][\/no_accordion_section][no_accordion_section title=\u00a0\u00bb\u00c0 partir de quel \u00e2ge est-ce possible de consulter?\u00a0\u00bb accordion_type=\u00a0\u00bbaccordion_icon\u00a0\u00bb icon_pack=\u00a0\u00bbsimple_line_icons\u00a0\u00bb simple_line_icons=\u00a0\u00bbicon-clock\u00a0\u00bb][vc_column_text]Il est possible de consulter d\u00e8s l\u2019\u00e2ge d\u2019un mois. La consultation peut \u00eatre \u00e0 titre pr\u00e9ventive ou corrective. Certains probl\u00e8mes peuvent \u00eatre diagnostiqu\u00e9s en bas \u00e2ge et une correction durant la croissance peut parfois amener des corrections permanentes.[\/vc_column_text][\/no_accordion_section][no_accordion_section title=\u00a0\u00bbAi-je besoin d\u2019une prescription pour une consultation?\u00a0\u00bb accordion_type=\u00a0\u00bbaccordion_icon\u00a0\u00bb icon_pack=\u00a0\u00bbsimple_line_icons\u00a0\u00bb simple_line_icons=\u00a0\u00bbicon-envelope\u00a0\u00bb][vc_column_text]Non, ce n\u2019est pas n\u00e9cessaire. Le podiatre pourra \u00e9mettre son diagnostic\u00a0podiatrique\u00a0et c\u2019est celui-ci qui est n\u00e9cessaire pour le remboursement aupr\u00e8s de votre compagnie d\u2019assurances.[\/vc_column_text][\/no_accordion_section][no_accordion_section title=\u00a0\u00bbQuelle est la diff\u00e9rence entre un podiatre et un orth\u00e9siste?\u00a0\u00bb accordion_type=\u00a0\u00bbaccordion_icon\u00a0\u00bb icon_pack=\u00a0\u00bbsimple_line_icons\u00a0\u00bb simple_line_icons=\u00a0\u00bbicon-envelope\u00a0\u00bb][vc_column_text]Le podiatre diagnostique et traite les blessures, difformit\u00e9s, malformations, affections et l\u00e9sions du pied. Il commande ou fabrique des supports orthop\u00e9diques appropri\u00e9s, administre et prescrit des m\u00e9dicaments, r\u00e9alise des chirurgies mineures et proc\u00e8de \u00e0 la r\u00e9\u00e9ducation des pieds.<br \/>\nAu Qu\u00e9bec, il doit \u00eatre d\u00e9tenteur d\u2019un doctorat en m\u00e9decine podiatrique et poss\u00e9der un permis de pratique d\u00e9livr\u00e9 par\u00a0<a href=\"http:\/\/www.ordredespodiatres.qc.ca\/\" target=\"_blank\">l\u2019Ordre des podiatres du Qu\u00e9bec<\/a>.<br \/>\nL\u2019orth\u00e9siste proth\u00e9siste con\u00e7oit, fabrique, ajuste, r\u00e9pare et entretient les proth\u00e8ses (membres artificiels) et les appareils orthop\u00e9diques (orth\u00e8ses ou corsets) prescrits par un professionnel de la sant\u00e9 comme un m\u00e9decin ou un podiatre.<br \/>\nD\u00e9tenteur d\u2019un dipl\u00f4me d\u2019\u00e9tudes coll\u00e9giales en techniques d\u2019orth\u00e8ses et de proth\u00e8ses orthop\u00e9diques, il peut \u00eatre membre de l\u2019Association des orth\u00e9sistes, proth\u00e9sistes et orth\u00e9sistes du pied ou de\u00a0<a href=\"http:\/\/www.otpq.qc.ca\/\" target=\"_blank\">l\u2019Ordre des technologues professionnels du Qu\u00e9bec<\/a>, mais rien ne l\u2019y oblige.<br \/>\nSource\u00a0: Prot\u00e9gez-vous[\/vc_column_text][\/no_accordion_section][\/no_accordion][\/vc_column][vc_column width=\u00a0\u00bb1\/6&Prime;][\/vc_column][\/vc_row]<\/p>\n","protected":false},"excerpt":{"rendered":"<p>[vc_row row_type=\u00a0\u00bbrow\u00a0\u00bb use_row_as_full_screen_section=\u00a0\u00bbno\u00a0\u00bb type=\u00a0\u00bbfull_width\u00a0\u00bb text_align=\u00a0\u00bbleft\u00a0\u00bb box_shadow_on_row=\u00a0\u00bbno\u00a0\u00bb][vc_column width=\u00a0\u00bb1\/6&Prime;][\/vc_column][vc_column width=\u00a0\u00bb2\/3&Prime; css=\u00a0\u00bb.vc_custom_1457035882559{margin-top: 60px !important;margin-bottom: 40px !important;}\u00a0\u00bb][no_accordion active_tab=\u00a0\u00bb1&Prime; background_transparency=\u00a0\u00bbno\u00a0\u00bb style=\u00a0\u00bbboxed_accordion\u00a0\u00bb][no_accordion_section title=\u00a0\u00bbQu\u2019est-ce qu\u2019un podiatre?\u00a0\u00bb accordion_type=\u00a0\u00bbaccordion_icon\u00a0\u00bb icon_pack=\u00a0\u00bbsimple_line_icons\u00a0\u00bb simple_line_icons=\u00a0\u00bbicon-anchor\u00a0\u00bb][vc_column_text]Le podiatre est un professionnel de la sant\u00e9 r\u00e9gi par le Code des professions du Qu\u00e9bec, la Loi sur la podiatrie et le Code&#8230;<\/p>\n","protected":false},"author":1,"featured_media":0,"parent":0,"menu_order":0,"comment_status":"open","ping_status":"open","template":"full_width.php","meta":{"footnotes":""},"class_list":["post-348119","page","type-page","status-publish","hentry"],"_links":{"self":[{"href":"https:\/\/podiatryvictoria.com\/fr\/wp-json\/wp\/v2\/pages\/348119","targetHints":{"allow":["GET"]}}],"collection":[{"href":"https:\/\/podiatryvictoria.com\/fr\/wp-json\/wp\/v2\/pages"}],"about":[{"href":"https:\/\/podiatryvictoria.com\/fr\/wp-json\/wp\/v2\/types\/page"}],"author":[{"embeddable":true,"href":"https:\/\/podiatryvictoria.com\/fr\/wp-json\/wp\/v2\/users\/1"}],"replies":[{"embeddable":true,"href":"https:\/\/podiatryvictoria.com\/fr\/wp-json\/wp\/v2\/comments?post=348119"}],"version-history":[{"count":16,"href":"https:\/\/podiatryvictoria.com\/fr\/wp-json\/wp\/v2\/pages\/348119\/revisions"}],"predecessor-version":[{"id":348252,"href":"https:\/\/podiatryvictoria.com\/fr\/wp-json\/wp\/v2\/pages\/348119\/revisions\/348252"}],"wp:attachment":[{"href":"https:\/\/podiatryvictoria.com\/fr\/wp-json\/wp\/v2\/media?parent=348119"}],"curies":[{"name":"wp","href":"https:\/\/api.w.org\/{rel}","templated":true}]}}